{"id":4603,"date":"2011-07-20T17:44:48","date_gmt":"2011-07-20T20:44:48","guid":{"rendered":"http:\/\/lavits-2022.bemvindo\/sobre\/"},"modified":"2022-02-16T19:33:10","modified_gmt":"2022-02-16T22:33:10","slug":"sobre","status":"publish","type":"page","link":"https:\/\/lavits.org\/en\/sobre\/","title":{"rendered":"Equipe"},"content":{"rendered":"<p><strong>Miembros fundadores<\/strong><\/p>\n<p><a title=\"Clique para acessar o blog \" href=\"http:\/\/dispositivodevisibilidade.blogspot.com\/\" target=\"_blank\" rel=\"noopener noreferrer\">Prof. Dra Fernanda Bruno<\/a> &#8211; Universidade Federal do Rio de Janeiro (UFRJ) <a href=\"http:\/\/lattes.cnpq.br\/0010160208417370\" target=\"_blank\" rel=\"noopener noreferrer\"><img decoding=\"async\" src=\"https:\/\/lavits.org\/wp-content\/uploads\/2011\/07\/LATTES.jpg\" alt=\"\" \/><\/a> Curr\u00edculo<\/p>\n<p>Prof. Dra. Marta M. Kanashiro &#8211; Universidade Estadual de Campinas (Unicamp) <a href=\"http:\/\/lattes.cnpq.br\/7737140929204274\" target=\"_blank\" rel=\"noopener noreferrer\"><img decoding=\"async\" src=\"https:\/\/lavits.org\/wp-content\/uploads\/2011\/07\/LATTES.jpg\" alt=\"\" \/><\/a> Curr\u00edculo<\/p>\n<p>Prof. Dr. Rafael Evangelista &#8211; Universidade Estadual de Campinas (Unicamp) <a href=\"http:\/\/lattes.cnpq.br\/4239876530989980\" target=\"_blank\" rel=\"noopener noreferrer\"><img decoding=\"async\" src=\"https:\/\/lavits.org\/wp-content\/uploads\/2011\/07\/LATTES.jpg\" alt=\"\" \/><\/a> Curr\u00edculo<\/p>\n<p><a title=\"Clique para acessar informa\u00e7\u00f5es junto a universidade\" href=\"http:\/\/www.pucpr.br\/posgraduacao\/gestaourbana\/rodrigofirmino.php\" target=\"_blank\" rel=\"noopener noreferrer\">Prof. Dr. Rodrigo Jos\u00e9 Firmino<\/a> &#8211; Pontif\u00edcia Universidade Cat\u00f3lica do Paran\u00e1 (PUC-PR) <a href=\"http:\/\/lattes.cnpq.br\/1468237540261340\" target=\"_blank\" rel=\"noopener noreferrer\"><img decoding=\"async\" src=\"https:\/\/lavits.org\/wp-content\/uploads\/2011\/07\/LATTES.jpg\" alt=\"\" \/><\/a> Curr\u00edculo<\/p>\n<p>Prof. Dra. Vanessa Lara Carmona &#8211; Universidad Aut\u00f3noma del Estado de M\u00e9xico (UAEMex) <a href=\"https:\/\/lavits.org\/quadrado\/?lang=en\" rel=\"attachment wp-att-356\"><img loading=\"lazy\" decoding=\"async\" title=\".\" src=\"https:\/\/lavits.org\/wp-content\/uploads\/2011\/07\/quadrado.jpg\" alt=\"\" width=\"30\" height=\"28\" \/><\/a><\/p>\n<p><strong>Miembros<\/strong><\/p>\n<p>Prof. Dr Alberto Cerda Silva &#8211; Universidad de Chile &#8211; membro da <a href=\"http:\/\/www.derechosdigitales.org\/author\/alberto\/\" target=\"_blank\" rel=\"noopener noreferrer\">ONG Derechos Digitales<\/a> <a href=\"https:\/\/lavits.org\/quadrado\/?lang=en\" rel=\"attachment wp-att-356\"><img loading=\"lazy\" decoding=\"async\" title=\".\" src=\"https:\/\/lavits.org\/wp-content\/uploads\/2011\/07\/quadrado.jpg\" alt=\"\" width=\"30\" height=\"28\" \/><\/a><\/p>\n<p>Alcides Per\u00f3n &#8211; Universidade de S\u00e3o Paulo (USP)<\/p>\n<p>Prof. Dr. Andr\u00e9 Luiz Martins Lemos &#8211; Universidade Federal da Bahia (UFBa) <a href=\"http:\/\/lattes.cnpq.br\/5586679333125539\" target=\"_blank\" rel=\"noopener noreferrer\"><img decoding=\"async\" src=\"https:\/\/lavits.org\/wp-content\/uploads\/2011\/07\/LATTES.jpg\" alt=\"\" \/><\/a>Curr\u00edculo<\/p>\n<p>Andr\u00e9 P\u00e9rez Esquivel &#8211; soci\u00f3logo Universidad de Buenos Aires (UBA) <strong><a href=\"https:\/\/lavits.org\/quadrado\/?lang=en\" rel=\"attachment wp-att-356\"><img loading=\"lazy\" decoding=\"async\" title=\".\" src=\"https:\/\/lavits.org\/wp-content\/uploads\/2011\/07\/quadrado.jpg\" alt=\"\" width=\"30\" height=\"28\" \/><\/a><\/strong><\/p>\n<p>Anna Bentes\u00a0(<a href=\"http:\/\/medialabufrj.net\">MediaLab.UFRJ<\/a>)<\/p>\n<p>Anna Berardi (<a href=\"http:\/\/medialabufrj.net\">MediaLab.UFRJ<\/a>) <a href=\"https:\/\/lavits.org\/quadrado\/?lang=en\" rel=\"attachment wp-att-356\"><img loading=\"lazy\" decoding=\"async\" title=\".\" src=\"https:\/\/lavits.org\/wp-content\/uploads\/2011\/07\/quadrado.jpg\" alt=\"\" width=\"30\" height=\"28\" \/><\/a><\/p>\n<p>Prof. Dr. Arthur Coelho Bezerra &#8211; Instituto Brasileiro de Informa\u00e7\u00e3o em Ci\u00eancia e Tecnologia (IBICT) <a href=\"http:\/\/lattes.cnpq.br\/1359214991662158\" target=\"_blank\" rel=\"noopener noreferrer\"><img decoding=\"async\" src=\"https:\/\/lavits.org\/wp-content\/uploads\/2011\/07\/LATTES.jpg\" alt=\"\" \/><\/a>Curr\u00edculo<\/p>\n<p>Prof Dr. Bruno de Vasconcelos Cardoso &#8211; Universidade Federal do Rio de Janeiro (UFRJ) <a href=\"http:\/\/lattes.cnpq.br\/9020897410641056\" target=\"_blank\" rel=\"noopener noreferrer\"><img decoding=\"async\" src=\"https:\/\/lavits.org\/wp-content\/uploads\/2011\/07\/LATTES.jpg\" alt=\"\" \/><\/a> Curr\u00edculo<\/p>\n<p>Bruno Ricardo Bioni &#8211; Universidade de S\u00e3o Paulo (USP) <a href=\"http:\/\/lattes.cnpq.br\/5736836611955155\" target=\"_blank\" rel=\"noopener noreferrer\"><img decoding=\"async\" src=\"https:\/\/lavits.org\/wp-content\/uploads\/2011\/07\/LATTES.jpg\" alt=\"\" \/><\/a> Curr\u00edculo<\/p>\n<p>Camila Montagner &#8211; Universidade Estadual de Campinas (Unicamp)\u00a0<a href=\"http:\/\/lattes.cnpq.br\/7675954641855949\" target=\"_blank\" rel=\"noopener noreferrer\"><img decoding=\"async\" src=\"https:\/\/lavits.org\/wp-content\/uploads\/2011\/07\/LATTES.jpg\" alt=\"\" \/><\/a>Curr\u00edculo<\/p>\n<p>Prof. Dra. Cec\u00edlia Diaz-Isenrath &#8211; Universidade de Buenos Aires (UBA) <a href=\"http:\/\/lattes.cnpq.br\/2019669122300737\" target=\"_blank\" rel=\"noopener noreferrer\"><img decoding=\"async\" src=\"https:\/\/lavits.org\/wp-content\/uploads\/2011\/07\/LATTES.jpg\" alt=\"\" \/><\/a> Curr\u00edculo<\/p>\n<p>Prof. Dr. Danilo Doneda &#8211; Funda\u00e7\u00e3o Get\u00falio Vargas (FGV-RJ) <a href=\"http:\/\/lattes.cnpq.br\/1757295619025058\" target=\"_blank\" rel=\"noopener noreferrer\"><img decoding=\"async\" src=\"https:\/\/lavits.org\/wp-content\/uploads\/2011\/07\/LATTES.jpg\" alt=\"\" \/><\/a> Curr\u00edculo<\/p>\n<p>D\u00e9bora Prado de Oliveira\u00a0&#8211; Universidade Estadual de Campinas (Unicamp)<\/p>\n<p>Fabricio Solagna &#8211; Associa\u00e7\u00e3o Software Livre<em>\u00a0<\/em>e\u00a0 Universidade Federal do Rio Grande do Sul (UFRGS)<\/p>\n<p>Gabriel Cunha Vituri &#8211; Universidade\u00a0Estadual de Campinas (Unicamp)<\/p>\n<p>Graciela Selaimen &#8211; editora das revistas <a href=\"http:\/\/www.rets.org.br\/\" target=\"_blank\" rel=\"noopener noreferrer\">Rets<\/a> e <a href=\"http:\/\/www.politics.org.br\/\" target=\"_blank\" rel=\"noopener noreferrer\">PoliTICs<\/a> <a href=\"https:\/\/lavits.org\/quadrado\/?lang=en\" rel=\"attachment wp-att-356\"><img loading=\"lazy\" decoding=\"async\" title=\".\" src=\"https:\/\/lavits.org\/wp-content\/uploads\/2011\/07\/quadrado.jpg\" alt=\"\" width=\"30\" height=\"28\" \/><\/a><\/p>\n<p>Prof. Dr. Henrique Antoun \u2013 Universidade Federal do Rio de Janeiro (UFRJ) <a href=\"http:\/\/lattes.cnpq.br\/2895734067067136\" target=\"_blank\" rel=\"noopener noreferrer\"><img decoding=\"async\" src=\"https:\/\/lavits.org\/wp-content\/uploads\/2011\/07\/LATTES.jpg\" alt=\"\" \/><\/a> Curr\u00edculo<\/p>\n<p>Prof. Dr. Henrique Parra \u2013 Universidade Federal de S\u00e3o Paulo (Unifesp) <a href=\"http:\/\/lattes.cnpq.br\/8314245614310718\" target=\"_blank\" rel=\"noopener noreferrer\"><img decoding=\"async\" src=\"https:\/\/lavits.org\/wp-content\/uploads\/2011\/07\/LATTES.jpg\" alt=\"\" \/><\/a>Curr\u00edculo<\/p>\n<p>\u00cdcaro Vidal (<a href=\"http:\/\/medialabufrj.net\">MediaLab.UFRJ<\/a>)<\/p>\n<p>MsC Izabela Domingues da Silva &#8211; Universidade Federal de Pernambuco (UFPE) <a href=\"http:\/\/lattes.cnpq.br\/3194123495763584\" target=\"_blank\" rel=\"noopener noreferrer\"><img decoding=\"async\" src=\"https:\/\/lavits.org\/wp-content\/uploads\/2011\/07\/LATTES.jpg\" alt=\"\" \/><\/a>Curr\u00edculo<\/p>\n<p>Jamila Venturini (<a href=\"http:\/\/www.nic.br\/\">NIC.br<\/a>)<\/p>\n<p>Lorena Regattieri (<a href=\"http:\/\/medialabufrj.net\">MediaLab.UFRJ<\/a>)<\/p>\n<p><a title=\"Clique para acessar informa\u00e7\u00f5es junto a universidade\" href=\"http:\/\/www.vub.ac.be\/LSTS\/members\/melgaco\/\" target=\"_blank\" rel=\"noopener noreferrer\">Prof. Dr. Lucas de Melo Melga\u00e7o<\/a> &#8211; Vrije Universiteit Brussel (VUB) <a href=\"http:\/\/lattes.cnpq.br\/0090915148746105\" target=\"_blank\" rel=\"noopener noreferrer\"><img decoding=\"async\" src=\"https:\/\/lavits.org\/wp-content\/uploads\/2011\/07\/LATTES.jpg\" alt=\"\" \/><\/a> Curr\u00edculo<\/p>\n<p><a title=\"Clique para acessar o blog\" href=\"http:\/\/luisgarciafanlo.blogspot.com\" target=\"_blank\" rel=\"noopener noreferrer\">Prof. Dr. Luis Garc\u00eda Fanlo<\/a> &#8211; Universidad de Buenos Aires (UBA) <a href=\"https:\/\/lavits.org\/quadrado\/?lang=en\" rel=\"attachment wp-att-356\"><img loading=\"lazy\" decoding=\"async\" title=\".\" src=\"https:\/\/lavits.org\/wp-content\/uploads\/2011\/07\/quadrado.jpg\" alt=\"\" width=\"30\" height=\"28\" \/><\/a><a title=\"Clique para acessar o curr\u00edculo\" href=\"https:\/\/lavits.org\/?attachment_id=568\" target=\"_blank\" rel=\"noopener noreferrer\">Curr\u00edculo<\/a><\/p>\n<p>Magaly Pazello &#8211;\u00a0 <a href=\"http:\/\/www.nupef.org.br\/\" target=\"_blank\" rel=\"noopener noreferrer\">Instituto Nupef<\/a> <a href=\"https:\/\/lavits.org\/quadrado\/?lang=en\" rel=\"attachment wp-att-356\"><img loading=\"lazy\" decoding=\"async\" title=\".\" src=\"https:\/\/lavits.org\/wp-content\/uploads\/2011\/07\/quadrado.jpg\" alt=\"\" width=\"30\" height=\"28\" \/><\/a><\/p>\n<p>MsC Marcelo da Luz Batalha <a href=\"http:\/\/lattes.cnpq.br\/3733052939868482\" target=\"_blank\" rel=\"noopener noreferrer\"><img decoding=\"async\" src=\"https:\/\/lavits.org\/wp-content\/uploads\/2011\/07\/LATTES.jpg\" alt=\"\" \/><\/a> Curr\u00edculo<\/p>\n<p>Prof. Dr. Marko Syn\u00e9sio Alves Monteiro &#8211; Universidade Estadual de Campinas (Unicamp)<a href=\"http:\/\/lattes.cnpq.br\/5573301475044497\" target=\"_blank\" rel=\"noopener noreferrer\"><img decoding=\"async\" src=\"https:\/\/lavits.org\/wp-content\/uploads\/2011\/07\/LATTES.jpg\" alt=\"\" \/><\/a> Curr\u00edculo<\/p>\n<p>Marlus Araujo (<a href=\"http:\/\/medialabufrj.net\">MediaLab.UFRJ<\/a>)<\/p>\n<p>Mateus Guzzo, Universidade da Calif\u00f3rnia, San Diego <a href=\"http:\/\/lattes.cnpq.br\/6679644870926297\" target=\"_blank\" rel=\"noopener noreferrer\"><img decoding=\"async\" src=\"https:\/\/lavits.org\/wp-content\/uploads\/2011\/07\/LATTES.jpg\" alt=\"\" \/><\/a>Curr\u00edculo<\/p>\n<p>Prof. Dr. Miguel Angel Vite Perez &#8211; Universidad Aut\u00f3noma del Estado de M\u00e9xico (UAEMex) <a href=\"https:\/\/lavits.org\/quadrado\/?lang=en\" rel=\"attachment wp-att-356\"><img loading=\"lazy\" decoding=\"async\" title=\".\" src=\"https:\/\/lavits.org\/wp-content\/uploads\/2011\/07\/quadrado.jpg\" alt=\"\" width=\"30\" height=\"28\" \/><\/a><a href=\"https:\/\/lavits.org\/?attachment_id=597\" target=\"_blank\" rel=\"noopener noreferrer\">Curr\u00edculo<\/a><\/p>\n<p>Prof. Dr. Pablo Esteban Rodr\u00edguez &#8211; Universidad de Buenos Aires (UBA)<img loading=\"lazy\" decoding=\"async\" title=\".\" src=\"https:\/\/lavits.org\/wp-content\/uploads\/2011\/07\/quadrado.jpg\" alt=\"\" width=\"30\" height=\"28\" \/><\/p>\n<p>Prof. Dr. Pablo Ortellado &#8211; Universidade de S\u00e3o Paulo (USP) <a href=\"http:\/\/lattes.cnpq.br\/5174979257533298\" target=\"_blank\" rel=\"noopener noreferrer\"><img decoding=\"async\" src=\"https:\/\/lavits.org\/wp-content\/uploads\/2011\/07\/LATTES.jpg\" alt=\"\" \/><\/a> Curr\u00edculo<\/p>\n<p>PhD. Paola Barreto Leblanc \u2013 Universidade Federal do Rio de Janeiro (UFRJ) <a href=\"http:\/\/lattes.cnpq.br\/5318250490460865\" target=\"_blank\" rel=\"noopener noreferrer\"><img decoding=\"async\" src=\"https:\/\/lavits.org\/wp-content\/uploads\/2011\/07\/LATTES.jpg\" alt=\"\" \/><\/a> Curr\u00edculo<\/p>\n<p>Profa. Dra. Paula Sibilia \u2013 Universidade Federal Fluminense (UFF) <a href=\"http:\/\/lattes.cnpq.br\/5318250490460865\" target=\"_blank\" rel=\"noopener noreferrer\"><img decoding=\"async\" src=\"https:\/\/lavits.org\/wp-content\/uploads\/2011\/07\/LATTES.jpg\" alt=\"\" \/><\/a> Curr\u00edculo<\/p>\n<p>Paulo Faltay (<a href=\"http:\/\/medialabufrj.net\">MediaLab.UFRJ<\/a>)<\/p>\n<p>Raquel de Queiroz Almeida\u00a0 &#8211; Universidade Estadual de Campinas (Unicamp)<\/p>\n<p>Prof. Dr. Ricardo Medeiros Pimenta \u2013 Instituto Brasileiro de Informa\u00e7\u00e3o em Ci\u00eancia e Tecnologia (IBICT)<a href=\"http:\/\/buscatextual.cnpq.br\/buscatextual\/visualizacv.do?id=K4750365T3\" target=\"_blank\" rel=\"noopener noreferrer\"><img decoding=\"async\" src=\"https:\/\/lavits.org\/wp-content\/uploads\/2011\/07\/LATTES.jpg\" alt=\"\" \/><\/a>Curr\u00edculo<\/p>\n<p>Profa. Dra. Rosa Maria Pedro \u2013 Universidade Federal do Rio de Janeiro (UFRJ) <a href=\"http:\/\/lattes.cnpq.br\/4495049080980125\" target=\"_blank\" rel=\"noopener noreferrer\"><img decoding=\"async\" src=\"https:\/\/lavits.org\/wp-content\/uploads\/2011\/07\/LATTES.jpg\" alt=\"\" \/><\/a> Curr\u00edculo<\/p>\n<p>Prof. Dr. S\u00e9rgio Amadeu da Silveira \u2013 Universidade Federal do ABC\u00a0 <a href=\"http:\/\/lattes.cnpq.br\/6800442072685268\" target=\"_blank\" rel=\"noopener noreferrer\"><img decoding=\"async\" src=\"https:\/\/lavits.org\/wp-content\/uploads\/2011\/07\/LATTES.jpg\" alt=\"\" \/><\/a> Curr\u00edculo<\/p>\n<p>Victor Vicente (<a href=\"http:\/\/medialabufrj.net\">MediaLab.UFRJ<\/a> e <a href=\"https:\/\/itsrio.org\/pt\/home\/\">ITS Rio<\/a>)<\/p>\n<p>MsC Vin\u00edcius Wagner Oliveira Santos &#8211; Universidade Estadual de Campinas (Unicamp) <a href=\"http:\/\/lattes.cnpq.br\/8180306223012532\" target=\"_blank\" rel=\"noopener noreferrer\"><img decoding=\"async\" src=\"https:\/\/lavits.org\/wp-content\/uploads\/2011\/07\/LATTES.jpg\" alt=\"\" \/><\/a>Curr\u00edculo<\/p>\n<p><strong>Desarrollo Web<\/strong><\/p>\n<p>Rafael Gomes (desde julio 2015)<\/p>\n<p>Ronye Pereira Pires (hasta julio 2014)<\/p>\n<p><strong>Becarias Fapesp (Brasil)<\/strong><\/p>\n<p>Sarah Costa Schmidt (Periodista\u00a0 y investigadora, desde julio 2015)<\/p>\n<p>Ana Paula Zaguetto (Periodista\u00a0 y investigadora, hasta julio 2015)<\/p>\n<p>Cristiane K\u00e4mpf\u00a0 (Periodista y asesora de prensa, hasta agosto 2012)<\/p>\n","protected":false},"excerpt":{"rendered":"<p>Miembros fundadores Prof. Dra Fernanda Bruno &#8211; Universidade Federal do Rio de Janeiro (UFRJ) Curr\u00edculo Prof. Dra. Marta M. Kanashiro &#8211; Universidade Estadual de Campinas (Unicamp) Curr\u00edculo Prof. Dr. Rafael [&hellip;]<\/p>\n","protected":false},"author":1,"featured_media":0,"parent":0,"menu_order":0,"comment_status":"closed","ping_status":"closed","template":"","meta":{"inline_featured_image":false,"_EventAllDay":false,"_EventTimezone":"","_EventStartDate":"","_EventEndDate":"","_EventStartDateUTC":"","_EventEndDateUTC":"","_EventShowMap":false,"_EventShowMapLink":false,"_EventURL":"","_EventCost":"","_EventCostDescription":"","_EventCurrencySymbol":"","_EventCurrencyCode":"","_EventCurrencyPosition":"","_EventDateTimeSeparator":"","_EventTimeRangeSeparator":"","_EventOrganizerID":[],"_EventVenueID":[],"_OrganizerEmail":"","_OrganizerPhone":"","_OrganizerWebsite":"","_VenueAddress":"","_VenueCity":"","_VenueCountry":"","_VenueProvince":"","_VenueState":"","_VenueZip":"","_VenuePhone":"","_VenueURL":"","_VenueStateProvince":"","_VenueLat":"","_VenueLng":"","_VenueShowMap":false,"_VenueShowMapLink":false,"footnotes":""},"class_list":["post-4603","page","type-page","status-publish","hentry"],"blocksy_meta":{"styles_descriptor":{"styles":{"desktop":"","tablet":"","mobile":""},"google_fonts":[],"version":6}},"acf":[],"_links":{"self":[{"href":"https:\/\/lavits.org\/en\/wp-json\/wp\/v2\/pages\/4603","targetHints":{"allow":["GET"]}}],"collection":[{"href":"https:\/\/lavits.org\/en\/wp-json\/wp\/v2\/pages"}],"about":[{"href":"https:\/\/lavits.org\/en\/wp-json\/wp\/v2\/types\/page"}],"author":[{"embeddable":true,"href":"https:\/\/lavits.org\/en\/wp-json\/wp\/v2\/users\/1"}],"replies":[{"embeddable":true,"href":"https:\/\/lavits.org\/en\/wp-json\/wp\/v2\/comments?post=4603"}],"version-history":[{"count":3,"href":"https:\/\/lavits.org\/en\/wp-json\/wp\/v2\/pages\/4603\/revisions"}],"predecessor-version":[{"id":4607,"href":"https:\/\/lavits.org\/en\/wp-json\/wp\/v2\/pages\/4603\/revisions\/4607"}],"wp:attachment":[{"href":"https:\/\/lavits.org\/en\/wp-json\/wp\/v2\/media?parent=4603"}],"curies":[{"name":"wp","href":"https:\/\/api.w.org\/{rel}","templated":true}]}}