{"id":4730,"date":"2016-07-13T16:29:28","date_gmt":"2016-07-13T19:29:28","guid":{"rendered":"http:\/\/lavits-2022.bemvindo\/events\/simposio-lavits-2016\/"},"modified":"2022-02-18T09:32:22","modified_gmt":"2022-02-18T12:32:22","slug":"simposio-lavits-2016","status":"publish","type":"page","link":"https:\/\/lavits.org\/en\/events\/simposio-lavits-2016\/","title":{"rendered":"Fourth International LAVITS Symposium"},"content":{"rendered":"<p><img loading=\"lazy\" decoding=\"async\" class=\"aligncenter wp-image-1836 size-large\" src=\"https:\/\/lavits.org\/wp-content\/uploads\/2016\/07\/lavits_iv_simposio_grande-1024x431.jpg\" alt=\"lavits_iv_simposio_grande\" width=\"1024\" height=\"431\" srcset=\"https:\/\/lavits.org\/wp-content\/uploads\/2016\/07\/lavits_iv_simposio_grande-1024x431.jpg 1024w, https:\/\/lavits.org\/wp-content\/uploads\/2016\/07\/lavits_iv_simposio_grande-400x168.jpg 400w, https:\/\/lavits.org\/wp-content\/uploads\/2016\/07\/lavits_iv_simposio_grande-768x323.jpg 768w, https:\/\/lavits.org\/wp-content\/uploads\/2016\/07\/lavits_iv_simposio_grande-820x345.jpg 820w, https:\/\/lavits.org\/wp-content\/uploads\/2016\/07\/lavits_iv_simposio_grande-150x63.jpg 150w, https:\/\/lavits.org\/wp-content\/uploads\/2016\/07\/lavits_iv_simposio_grande-80x34.jpg 80w, https:\/\/lavits.org\/wp-content\/uploads\/2016\/07\/lavits_iv_simposio_grande.jpg 1588w\" sizes=\"auto, (max-width: 1024px) 100vw, 1024px\" \/><\/p>\n<p>&nbsp;<\/p>\n<p style=\"text-align: center;\"><strong>Latin American Network of Surveillance, Technology and Society Studies<\/strong><\/p>\n<p style=\"text-align: center;\"><strong>\u201c<\/strong><strong>New surveillance paradigms? Insights from Latin America\u201d<\/strong><\/p>\n<p>&nbsp;<\/p>\n<p>The Latin American Network of Surveillance, Technology and Society Studies will hold its Fourth International Symposium in the city of Buenos Aires, Argentina, between 21<sup>st<\/sup>-23<sup>rd<\/sup> November 2016, at the San Mart\u00edn Cultural Centre (Centro Cultural San Mart\u00edn, 1551 Sarmiento St). After the editions held in Brazil and Mexico, this will be the first time the Symposium takes place in Argentina.<\/p>\n<p><strong>Official site:\u00a0<a href=\"http:\/\/lavits2016.vialibre.org.ar\/\" target=\"_blank\" rel=\"noopener\">lavits2016.vialibre.org.ar<\/a><\/strong><\/p>\n<p>The Fourth LAVITS Symposium aims at discussing the existence of new surveillance paradigms, contributing its own views from Latin America.<\/p>\n<p>The popular belief about surveillance includes the existence of spies and enormous intelligence networks devoted to following \u201csuspected\u201d citizens. While that surveillance paradigm may have been in effect in previous decades, the truth is that with the coming of digital technologies the costs of surveillance, both governmental and corporate, have dropped dramatically. This allows for the accumulation of data in a precautionary manner, even when there are no justified reasons for the existence of these databases.<\/p>\n<p>After the World Trade Center attacks, the shift in the security narratives allowed for the inclusion of a new surveillance doctrine of \u201ctotal information\u201d. This new doctrine is diametrically opposed to any human rights principle, but the secrecy of how the information is managed and the well-oiled cooperation between the public and private sectors for the collection and processing of data, make this type of surveillance a practice that escapes public control.<\/p>\n<p>The introduction of technology in many aspects of everyday life, from surveillance cameras on streets to the vast number of smart devices in our most private environments reporting data to third parties, has made surveillance more ubiquitous and invisible. The normative framework that should protect citizens in this respect, has become obsolete and the lack of accountability in the public and private sectors complicate the situation when it comes to taking action.<\/p>\n<p>The challenge, as never before, is global. The data collected about a user in Latin America are transferred to a processing center in the United States to be analyzed in Europe. The new security doctrines include vague concepts, as \u201ccyberwar\u201d, to implement increasingly complex mechanisms for collecting digital data. Citizens are helpless regarding their ability to claim, or they are absolutely unaware of the fact that they\u00b4re being watched.<\/p>\n<p>The phenomenon doesn\u00b4t occur in a uniform or equal manner everywhere, there are fundamental singularities in the context of Latin America that need to be investigated, highlighted and discussed. This is, in essence, the purpose of the Fourth LAVITS Symposium.<\/p>\n<p>We invite researchers, professors, activists and artists to submit their abstracts or proposals to the Fourth LAVITS International Symposium in any of the following key topics:<\/p>\n<ul>\n<li>Security doctrine and intelligence services<\/li>\n<li>Surveillance, space and territory<\/li>\n<li>Identification and biometrics<\/li>\n<li>The seduction of numbers: decisions based on algorithms and Big Data<\/li>\n<li>New challenges in the protection of personal data<\/li>\n<li>Corporate surveillance<\/li>\n<li>Cultural dimensions of surveillance<\/li>\n<li>Resistance and counter surveillance<\/li>\n<li>Art, surveillance and technology<\/li>\n<\/ul>\n<p><strong>NOTE<\/strong>: Unfortunately, we do not have any line of financial support for selected proposals. Everyone participating in the conference as attendees or presenters are asked to assume their own expenses.<\/p>\n<p><strong>Presentation of abstracts and proposals<\/strong><\/p>\n<p>The Symposium will accept proposals until <strong>August\u00a019<sup>th<\/sup><\/strong> in different formats. Workshops, art exhibitions\/interventions, works in writing and\/or panel discussions.<\/p>\n<p>Workshop proposals should include: Name of the workshop, description of the workshop (in up to 300 words), audience it is addressed to and special requirements for the workshop, if any (projector, tables, or others).<\/p>\n<p>The proposals for the art exhibitions\/interventions should include: title of the exhibition\/intervention, medium of the artwork, description of the work (in up to 300 words) and requirements for exhibition\/intervention (outline of media and materials needed).<\/p>\n<p>Abstracts should be up to 300 words with three to five keywords. Whoever wishes to organize and coordinate a panel discussion, should submit their proposal describing the general topic of the panel (in up to 500 words) and details of the panelists, including their full name and a brief description that justifies their inclusion in the panel. In that case, whoever proposes him or herself as coordinator is responsible of contacting the panelists and guaranteeing their presence on the day of the event.<\/p>\n<p>The format for the presentation of abstracts and proposals will be the same in both cases. The format should be: 12 points font size for the body of the text, 1.5 line-spacing, justified. The proposal should include: the title of the presentation, panel discussion, art exhibition\/intervention or workshop; personal details of the speaker\/artist\/workshop leader\/coordinator (full name, institution they represent, title and e-mail). The format for the presentation should be: title of the work, personal details and description or abstract, as required.<\/p>\n<p>The work proposals can be sent in Spanish, Portuguese or English. The abstracts can be submitted in PDF, .doc or .odt formats to info at vialibre.org.ar.<\/p>\n<p>Once the abstract is accepted, the deadline for the presentation of the full-text is October 30<sup>th<\/sup>.<\/p>\n<p>Information on the event is available at <a href=\"http:\/\/lavits2016.vialibre.org.ar\/\">http:\/\/lavits2016.vialibre.org.ar<\/a>. For any other information or enquiries, you can write to info at vialibre.org.ar.<\/p>\n<p><strong>Organizers:<\/strong><strong>\u00a0<\/strong><\/p>\n<p><a href=\"https:\/\/lavits.org\/?lang=en\" target=\"_blank\" rel=\"noopener\"><strong>LAVITS<\/strong><strong>\u00a0<\/strong><span class=\"screen-reader-text\">Abrir en una ventana nueva<\/span><\/a><\/p>\n<p><img loading=\"lazy\" decoding=\"async\" class=\"size-full wp-image-181 alignright\" src=\"http:\/\/lavits2016.vialibre.org.ar\/wp-content\/uploads\/2016\/08\/logo-negativo-2-en-small.png\" alt=\"logo-negativo-2-en-small\" width=\"100\" height=\"100\" \/>The Lavits research network aims to become a means for discussion and exchange of knowledge and debate around sociotechnical circumstances that enable the capture, storage, management and cross-checking of information, especially, of personal data. The massive presence of these technologies in Latin America, in daily life, has not been accompanied by public debate, social movements, academic research or by appropriate legislation. This alone, highlights the importance of creating a space for exchanging information and experiences in order to stimulate debate and research on topics related to the use of surveillance technologies.<strong>\u00a0<\/strong><\/p>\n<h5><a href=\"http:\/\/vialibre.org.ar\/\"><strong>V\u00eda Libre foundation<\/strong><\/a><\/h5>\n<p><img loading=\"lazy\" decoding=\"async\" class=\"size-full wp-image-48 alignleft\" src=\"http:\/\/lavits2016.vialibre.org.ar\/wp-content\/uploads\/2016\/07\/logo_fundacion13.jpg\" alt=\"logo_fundacion13\" width=\"100\" height=\"111\" \/>Founded in the year 2000, V\u00eda Libre is a non-profit organization from Argentina, dedicated to the defense of civil rights in technology-mediated environments. Within its field of study are issues related to privacy, surveillance, free software (libre software), intellectual property, freedom of speech on the Internet and electronic voting.<\/p>\n<p><a href=\"http:\/\/comunicacion.sociales.uba.ar\/?page_id=3050\" target=\"_blank\" rel=\"noopener\"><strong>Technology, Culture and Politics Division of the Social Sciences Faculty of the University of Buenos Aires<\/strong><span class=\"screen-reader-text\">Abrir en una ventana nueva<\/span><\/a><\/p>\n<p><img loading=\"lazy\" decoding=\"async\" class=\"size-full wp-image-194 alignright\" src=\"http:\/\/lavits2016.vialibre.org.ar\/wp-content\/uploads\/2016\/08\/logo.png\" alt=\"logo\" width=\"225\" height=\"47\" \/>The Technology, Culture and Politics Division was created in 2014 by a group of professors, students and researchers within the Communication Sciences degree program of the Faculty of Social Sciences, at the Buenos Aires University. From the hypothesis of a mutual conditioning between technical and social phenomena, it proposes to develop and support research, as well as part-take in debates, that address the analysis of communicational, cultural, aesthetic and political phenomena were the technological dimension appears as constitutive; from the study of the relations between technologies of power and biotechnologies, to the cultural analysis of new artistic genres as BioArt, as well as the new surveillance and control strategies, the present dynamics of the appropriation of knowledge and the political, economic and social uses of social media, among other topics.<\/p>\n<h5><strong>Organizing Team<\/strong><\/h5>\n<header class=\"entry-header\">\n<ul>\n<li>\u2022 Pablo Esteban Rodr\u00edguez<br \/>\n\u2022 Laura Siri<br \/>\n\u2022\u00a0Beatriz Busaniche<br \/>\n\u2022 Flavia Costa<br \/>\n\u2022 Fernanda Bruno<br \/>\n\u2022 Camilo Enrique R\u00edos Rozo<br \/>\n\u2022 Andr\u00e9s P\u00e9rez Esquivel<br \/>\n\u2022 Priscilla Calmon \/ Luciana Albuquerque<br \/>\n\u2022 Sarah Costa Schmidt<br \/>\n\u2022 Marta Kanashiro<\/li>\n<\/ul>\n<\/header>\n<h5>Support<\/h5>\n<h5><a href=\"https:\/\/www.fordfoundation.org\/\"><img loading=\"lazy\" decoding=\"async\" class=\"alignleft wp-image-97\" src=\"http:\/\/lavits2016.vialibre.org.ar\/wp-content\/uploads\/2016\/05\/fd6609_a00da961db504dedb90de1b74f81a835-mv2.jpg\" alt=\"FordLogosheet_A_2009[FOR PRINT ONLY]\" width=\"357\" height=\"89\" \/><\/a><\/h5>\n<p><a href=\"http:\/\/elculturalsanmartin.org\/\"><img loading=\"lazy\" decoding=\"async\" class=\"alignleft wp-image-98 size-full\" src=\"http:\/\/lavits2016.vialibre.org.ar\/wp-content\/uploads\/2016\/05\/logosm.png\" alt=\"logosm\" width=\"357\" height=\"92\" \/><\/a><\/p>\n<p><a href=\"http:\/\/http\/\/www.sociales.uba.ar\"><img loading=\"lazy\" decoding=\"async\" class=\"alignleft wp-image-126\" src=\"http:\/\/lavits2016.vialibre.org.ar\/wp-content\/uploads\/2016\/05\/Logo_fsoc.jpg\" alt=\"Logo_fsoc\" width=\"357\" height=\"78\" \/><\/a><\/p>\n<h5><strong>Other research groups, labs and post graduate programs joining us:<\/strong><\/h5>\n<ul>\n<li><a href=\"http:\/\/www.pos.eco.ufrj.br\/site\/\" target=\"_blank\" rel=\"noopener\"><strong>Programa de Posgrado en Comunicaci\u00f3n y Cultura\/UFRJ<\/strong><span class=\"screen-reader-text\">Abrir en una ventana nueva<\/span><\/a><\/li>\n<\/ul>\n<ul>\n<li><a href=\"http:\/\/medialabufrj.net\/\" target=\"_blank\" rel=\"noopener\"><strong>MediaLab.UFRJ<\/strong><span class=\"screen-reader-text\">Abrir en una ventana nueva<\/span><\/a><\/li>\n<\/ul>\n<ul>\n<li><a href=\"http:\/\/www.labjor.unicamp.br\/\" target=\"_blank\" rel=\"noopener\"><strong>Labjor<\/strong><span class=\"screen-reader-text\">Abrir en una ventana nueva<\/span><\/a><\/li>\n<\/ul>\n<ul>\n<li><a href=\"http:\/\/dgp.cnpq.br\/dgp\/espelhogrupo\/8473537906581909\"><strong>Programa de P\u00f3s-Gradua\u00e7\u00e3o em Divulga\u00e7\u00e3o Cientifica e Cultural<\/strong><\/a><\/li>\n<\/ul>\n<ul>\n<li><a href=\"https:\/\/cteme.wordpress.com\/cteme\"><strong>Programa de P\u00f3s-Gradua\u00e7\u00e3o em Sociologia do Instituto de Filosofia e Ci\u00eancias Humanas<\/strong><\/a><\/li>\n<\/ul>\n<ul>\n<li><a href=\"http:\/\/www.pucpr.br\/posgraduacao\/gestaourbana\/\"><strong>Programa de P\u00f3s-Gradua\u00e7\u00e3o em Gest\u00e3o Urbana (PPGTU) \u2013 PUCPR<\/strong><\/a><\/li>\n<\/ul>\n<ul>\n<li><a href=\"http:\/\/blog.pimentalab.net\/\"><strong>Pimenta Lab<\/strong><\/a><\/li>\n<\/ul>\n<ul>\n<li><a href=\"http:\/\/site1365611310.provisorio.ws\/ppgp\/index.php\/programa\"><strong>Programa de P\u00f3s Gradua\u00e7\u00e3o em Psicologia (PPGP) da UFRJ<\/strong><\/a><\/li>\n<li><strong>Program \u201cState, democracy\u00a0and\u00a0human rights\u201d<\/strong>, from the\u00a0Project \u201cSurveillance\u00a0in Latin America\u201d, <a href=\"http:\/\/www.flacso.edu.mx\/\">Flacso, Mexico<strong>.<\/strong><\/a><\/li>\n<\/ul>\n","protected":false},"excerpt":{"rendered":"<p>&nbsp; Latin American Network of Surveillance, Technology and Society Studies \u201cNew surveillance paradigms? Insights from Latin America\u201d &nbsp; The Latin American Network of Surveillance, Technology and Society Studies will hold [&hellip;]<\/p>\n","protected":false},"author":3,"featured_media":0,"parent":4576,"menu_order":0,"comment_status":"closed","ping_status":"closed","template":"","meta":{"inline_featured_image":false,"_EventAllDay":false,"_EventTimezone":"","_EventStartDate":"","_EventEndDate":"","_EventStartDateUTC":"","_EventEndDateUTC":"","_EventShowMap":false,"_EventShowMapLink":false,"_EventURL":"","_EventCost":"","_EventCostDescription":"","_EventCurrencySymbol":"","_EventCurrencyCode":"","_EventCurrencyPosition":"","_EventDateTimeSeparator":"","_EventTimeRangeSeparator":"","_EventOrganizerID":[],"_EventVenueID":[],"_OrganizerEmail":"","_OrganizerPhone":"","_OrganizerWebsite":"","_VenueAddress":"","_VenueCity":"","_VenueCountry":"","_VenueProvince":"","_VenueState":"","_VenueZip":"","_VenuePhone":"","_VenueURL":"","_VenueStateProvince":"","_VenueLat":"","_VenueLng":"","_VenueShowMap":false,"_VenueShowMapLink":false,"footnotes":""},"class_list":["post-4730","page","type-page","status-publish","hentry"],"blocksy_meta":{"styles_descriptor":{"styles":{"desktop":"","tablet":"","mobile":""},"google_fonts":[],"version":6}},"acf":[],"_links":{"self":[{"href":"https:\/\/lavits.org\/en\/wp-json\/wp\/v2\/pages\/4730","targetHints":{"allow":["GET"]}}],"collection":[{"href":"https:\/\/lavits.org\/en\/wp-json\/wp\/v2\/pages"}],"about":[{"href":"https:\/\/lavits.org\/en\/wp-json\/wp\/v2\/types\/page"}],"author":[{"embeddable":true,"href":"https:\/\/lavits.org\/en\/wp-json\/wp\/v2\/users\/3"}],"replies":[{"embeddable":true,"href":"https:\/\/lavits.org\/en\/wp-json\/wp\/v2\/comments?post=4730"}],"version-history":[{"count":1,"href":"https:\/\/lavits.org\/en\/wp-json\/wp\/v2\/pages\/4730\/revisions"}],"predecessor-version":[{"id":4734,"href":"https:\/\/lavits.org\/en\/wp-json\/wp\/v2\/pages\/4730\/revisions\/4734"}],"up":[{"embeddable":true,"href":"https:\/\/lavits.org\/en\/wp-json\/wp\/v2\/pages\/4576"}],"wp:attachment":[{"href":"https:\/\/lavits.org\/en\/wp-json\/wp\/v2\/media?parent=4730"}],"curies":[{"name":"wp","href":"https:\/\/api.w.org\/{rel}","templated":true}]}}