{"id":6769,"date":"2022-02-18T11:22:22","date_gmt":"2022-02-18T14:22:22","guid":{"rendered":"https:\/\/lavits.bemvindo.co\/pesquisas\/"},"modified":"2022-05-18T11:05:42","modified_gmt":"2022-05-18T14:05:42","slug":"researches","status":"publish","type":"page","link":"https:\/\/lavits.org\/en\/researches\/","title":{"rendered":"Researches"},"content":{"rendered":"\n<div class=\"wp-block-columns is-layout-flex wp-container-core-columns-is-layout-28f84493 wp-block-columns-is-layout-flex\">\n<div class=\"wp-block-column is-layout-flow wp-block-column-is-layout-flow\" style=\"flex-basis:33.33%\"><form data-sf-form-id='499' data-is-rtl='0' data-maintain-state='' data-results-url='https:\/\/lavits.org\/pesquisa\/' data-ajax-url='https:\/\/lavits.org\/en\/?sfid=499&amp;sf_action=get_data&amp;sf_data=results' data-ajax-form-url='https:\/\/lavits.org\/en\/?sfid=499&amp;sf_action=get_data&amp;sf_data=form' data-display-result-method='shortcode' data-use-history-api='1' data-template-loaded='0' data-lang-code='en' data-ajax='1' data-ajax-data-type='json' data-ajax-links-selector='.pagination a' data-ajax-target='#search-filter-results-499' data-ajax-pagination-type='normal' data-update-ajax-url='1' data-only-results-ajax='1' data-scroll-to-pos='0' data-init-paged='1' data-auto-update='' action='https:\/\/lavits.org\/pesquisa\/' method='post' class='searchandfilter' id='search-filter-form-499' autocomplete='off' data-instance-count='1'><ul><li class=\"sf-field-search\" data-sf-field-name=\"search\" data-sf-field-type=\"search\" data-sf-field-input-type=\"\">\t\t<label><input placeholder=\"Busca \u2026\" name=\"_sf_search[]\" class=\"sf-input-text\" type=\"text\" value=\"\" title=\"\"><\/label>\t\t<\/li><li class=\"sf-field-post_type\" data-sf-field-name=\"_sf_post_type\" data-sf-field-type=\"post_type\" data-sf-field-input-type=\"checkbox\">\t\t<ul class=\"\">\r\n\t\t\t\r\n\t\t\t\t\t<\/ul>\r\n\t\t<\/li><li class=\"sf-field-taxonomy-status\" data-sf-field-name=\"_sft_status\" data-sf-field-type=\"taxonomy\" data-sf-field-input-type=\"checkbox\"><h4>Situa\u00e7\u00e3o<\/h4>\t\t<ul data-operator=\"or\" class=\"\">\r\n\t\t\t\r\n\t\t\t\t\t<\/ul>\r\n\t\t<\/li><li class=\"sf-field-taxonomy-tematica\" data-sf-field-name=\"_sft_tematica\" data-sf-field-type=\"taxonomy\" data-sf-field-input-type=\"multiselect\" data-sf-combobox=\"1\" data-sf-combobox-nrm=\"Sem resultados para\"><h4>Temas<\/h4>\t\t<label>\r\n\t\t\t\t<select data-combobox=\"1\" data-combobox-nrm=\"Sem resultados para\" data-placeholder=\"Escolher temas\" data-operator=\"or\" multiple=\"multiple\" name=\"_sft_tematica[]\" class=\"sf-input-select\" title=\"\">\r\n\t\t\t\r\n\t\t\t\t\t\t<option class=\"sf-level-0 sf-item-858\" data-sf-count=\"64\" data-sf-depth=\"0\" value=\"algoritmos-politica-en\">Algoritmos &amp; Pol\u00edtica<\/option>\r\n\t\t\t\t\t\t<option class=\"sf-level-0 sf-item-1108\" data-sf-count=\"2\" data-sf-depth=\"0\" value=\"antropologia-e-tecnologia-en\">Antropologia e tecnologia<\/option>\r\n\t\t\t\t\t\t<option class=\"sf-level-0 sf-item-859\" data-sf-count=\"16\" data-sf-depth=\"0\" value=\"ativismo-digital-en\">Ativismo digital<\/option>\r\n\t\t\t\t\t\t<option class=\"sf-level-0 sf-item-862\" data-sf-count=\"5\" data-sf-depth=\"0\" value=\"biometria-en\">Biometria<\/option>\r\n\t\t\t\t\t\t<option class=\"sf-level-0 sf-item-863\" data-sf-count=\"3\" data-sf-depth=\"0\" value=\"biotecnologias-en\">Biotecnologias<\/option>\r\n\t\t\t\t\t\t<option class=\"sf-level-0 sf-item-866\" data-sf-count=\"66\" data-sf-depth=\"0\" value=\"capitalismo-de-plataforma-en\">Capitalismo de Plataforma<\/option>\r\n\t\t\t\t\t\t<option class=\"sf-level-0 sf-item-868\" data-sf-count=\"43\" data-sf-depth=\"0\" value=\"capitalismo-de-vigilancia-en\">Capitalismo de Vigil\u00e2ncia<\/option>\r\n\t\t\t\t\t\t<option class=\"sf-level-0 sf-item-1119\" data-sf-count=\"6\" data-sf-depth=\"0\" value=\"cibernetica\">Cibern\u00e9tica<\/option>\r\n\t\t\t\t\t\t<option class=\"sf-level-0 sf-item-892\" data-sf-count=\"2\" data-sf-depth=\"0\" value=\"ciencia-aberta-en\">Ci\u00eancia aberta<\/option>\r\n\t\t\t\t\t\t<option class=\"sf-level-0 sf-item-870\" data-sf-count=\"6\" data-sf-depth=\"0\" value=\"contracultura-en\">Contracultura<\/option>\r\n\t\t\t\t\t\t<option class=\"sf-level-0 sf-item-1121\" data-sf-count=\"1\" data-sf-depth=\"0\" value=\"cosmopoliticas-en\">Cosmopol\u00edticas<\/option>\r\n\t\t\t\t\t\t<option class=\"sf-level-0 sf-item-872\" data-sf-count=\"23\" data-sf-depth=\"0\" value=\"covid-19-e-tecnologia-en\">Covid-19 e Tecnologia<\/option>\r\n\t\t\t\t\t\t<option class=\"sf-level-0 sf-item-874\" data-sf-count=\"9\" data-sf-depth=\"0\" value=\"critica-da-midia-en\">Cr\u00edtica da M\u00eddia<\/option>\r\n\t\t\t\t\t\t<option class=\"sf-level-0 sf-item-875\" data-sf-count=\"5\" data-sf-depth=\"0\" value=\"cuidados-en\">Cuidados<\/option>\r\n\t\t\t\t\t\t<option class=\"sf-level-0 sf-item-1114\" data-sf-count=\"5\" data-sf-depth=\"0\" value=\"cultura-digital-en\">Cultura Digital<\/option>\r\n\t\t\t\t\t\t<option class=\"sf-level-0 sf-item-878\" data-sf-count=\"5\" data-sf-depth=\"0\" value=\"cultura-hacker-en\">Cultura Hacker<\/option>\r\n\t\t\t\t\t\t<option class=\"sf-level-0 sf-item-880\" data-sf-count=\"3\" data-sf-depth=\"0\" value=\"cultura-livre-en\">Cultura livre<\/option>\r\n\t\t\t\t\t\t<option class=\"sf-level-0 sf-item-881\" data-sf-count=\"3\" data-sf-depth=\"0\" value=\"dados-emocionais-en\">Dados emocionais<\/option>\r\n\t\t\t\t\t\t<option class=\"sf-level-0 sf-item-884\" data-sf-count=\"2\" data-sf-depth=\"0\" value=\"datificacao-en\">Datifica\u00e7\u00e3o<\/option>\r\n\t\t\t\t\t\t<option class=\"sf-level-0 sf-item-1102\" data-sf-count=\"2\" data-sf-depth=\"0\" value=\"desigualdade-e-tecnologia-en\">Desigualdade e tecnologia<\/option>\r\n\t\t\t\t\t\t<option class=\"sf-level-0 sf-item-885\" data-sf-count=\"11\" data-sf-depth=\"0\" value=\"desinformacao-en\">Desinforma\u00e7\u00e3o<\/option>\r\n\t\t\t\t\t\t<option class=\"sf-level-0 sf-item-1132\" data-sf-count=\"13\" data-sf-depth=\"0\" value=\"direitos-digitais\">Direitos Digitais<\/option>\r\n\t\t\t\t\t\t<option class=\"sf-level-0 sf-item-1103\" data-sf-count=\"1\" data-sf-depth=\"0\" value=\"direitos-humanos-en\">Direitos Humanos<\/option>\r\n\t\t\t\t\t\t<option class=\"sf-level-0 sf-item-888\" data-sf-count=\"11\" data-sf-depth=\"0\" value=\"vieses-algoritmicos-en\">Discrimina\u00e7\u00f5es algor\u00edtmicas<\/option>\r\n\t\t\t\t\t\t<option class=\"sf-level-0 sf-item-890\" data-sf-count=\"50\" data-sf-depth=\"0\" value=\"divulgacao-cientifica-en\">Divulga\u00e7\u00e3o Cient\u00edfica<\/option>\r\n\t\t\t\t\t\t<option class=\"sf-level-0 sf-item-893\" data-sf-count=\"10\" data-sf-depth=\"0\" value=\"economia-da-atencao-en\">Economia da aten\u00e7\u00e3o<\/option>\r\n\t\t\t\t\t\t<option class=\"sf-level-0 sf-item-896\" data-sf-count=\"13\" data-sf-depth=\"0\" value=\"economia-politica-en\">Economia pol\u00edtica<\/option>\r\n\t\t\t\t\t\t<option class=\"sf-level-0 sf-item-898\" data-sf-count=\"16\" data-sf-depth=\"0\" value=\"educacao-e-tecnologia-en\">Educa\u00e7\u00e3o e Tecnologia<\/option>\r\n\t\t\t\t\t\t<option class=\"sf-level-0 sf-item-899\" data-sf-count=\"19\" data-sf-depth=\"0\" value=\"epistemologias-en\">Epistemologias<\/option>\r\n\t\t\t\t\t\t<option class=\"sf-level-0 sf-item-901\" data-sf-count=\"15\" data-sf-depth=\"0\" value=\"esteticas-da-vigilancia-en\">Est\u00e9tica<\/option>\r\n\t\t\t\t\t\t<option class=\"sf-level-0 sf-item-903\" data-sf-count=\"4\" data-sf-depth=\"0\" value=\"esteticas-da-vigilancia-esteticas-da-vigilancia-en\">Est\u00e9ticas da vigil\u00e2ncia<\/option>\r\n\t\t\t\t\t\t<option class=\"sf-level-0 sf-item-906\" data-sf-count=\"1\" data-sf-depth=\"0\" value=\"extracao-de-dados-en\">Extra\u00e7\u00e3o de dados<\/option>\r\n\t\t\t\t\t\t<option class=\"sf-level-0 sf-item-1135\" data-sf-count=\"15\" data-sf-depth=\"0\" value=\"extrativismos\">Extrativismos<\/option>\r\n\t\t\t\t\t\t<option class=\"sf-level-0 sf-item-908\" data-sf-count=\"1\" data-sf-depth=\"0\" value=\"games-en\">Games<\/option>\r\n\t\t\t\t\t\t<option class=\"sf-level-0 sf-item-910\" data-sf-count=\"25\" data-sf-depth=\"0\" value=\"genero-en-2\">G\u00eanero e Tecnologia<\/option>\r\n\t\t\t\t\t\t<option class=\"sf-level-0 sf-item-1128\" data-sf-count=\"4\" data-sf-depth=\"0\" value=\"governanca-da-internet\">Governan\u00e7a da internet<\/option>\r\n\t\t\t\t\t\t<option class=\"sf-level-0 sf-item-913\" data-sf-count=\"49\" data-sf-depth=\"0\" value=\"infraestruturas-tecnologicas-en\">Infraestruturas tecnol\u00f3gicas<\/option>\r\n\t\t\t\t\t\t<option class=\"sf-level-0 sf-item-912\" data-sf-count=\"26\" data-sf-depth=\"0\" value=\"infraestruturas-urbanas-en\">Infraestruturas Urbanas<\/option>\r\n\t\t\t\t\t\t<option class=\"sf-level-0 sf-item-915\" data-sf-count=\"12\" data-sf-depth=\"0\" value=\"inteligencia-artificial-en\">Intelig\u00eancia Artificial<\/option>\r\n\t\t\t\t\t\t<option class=\"sf-level-0 sf-item-917\" data-sf-count=\"13\" data-sf-depth=\"0\" value=\"legislacoes-en\">Legisla\u00e7\u00f5es<\/option>\r\n\t\t\t\t\t\t<option class=\"sf-level-0 sf-item-919\" data-sf-count=\"46\" data-sf-depth=\"0\" value=\"lutas-sociais-en\">Lutas Sociais<\/option>\r\n\t\t\t\t\t\t<option class=\"sf-level-0 sf-item-1117\" data-sf-count=\"3\" data-sf-depth=\"0\" value=\"metodos-digitais-en\">M\u00e9todos digitais<\/option>\r\n\t\t\t\t\t\t<option class=\"sf-level-0 sf-item-1092\" data-sf-count=\"4\" data-sf-depth=\"0\" value=\"plataformas-en\">Plataformas<\/option>\r\n\t\t\t\t\t\t<option class=\"sf-level-0 sf-item-923\" data-sf-count=\"22\" data-sf-depth=\"0\" value=\"politicas-publicas-en\">Pol\u00edticas p\u00fablicas<\/option>\r\n\t\t\t\t\t\t<option class=\"sf-level-0 sf-item-921\" data-sf-count=\"30\" data-sf-depth=\"0\" value=\"producao-do-comum-en\">Produ\u00e7\u00e3o do Comum<\/option>\r\n\t\t\t\t\t\t<option class=\"sf-level-0 sf-item-1126\" data-sf-count=\"1\" data-sf-depth=\"0\" value=\"propaganda-computacional\">Propaganda computacional<\/option>\r\n\t\t\t\t\t\t<option class=\"sf-level-0 sf-item-925\" data-sf-count=\"41\" data-sf-depth=\"0\" value=\"protecao-de-dados-en\">Prote\u00e7\u00e3o de dados<\/option>\r\n\t\t\t\t\t\t<option class=\"sf-level-0 sf-item-928\" data-sf-count=\"12\" data-sf-depth=\"0\" value=\"raca-en\">Ra\u00e7a e Tecnologia<\/option>\r\n\t\t\t\t\t\t<option class=\"sf-level-0 sf-item-1097\" data-sf-count=\"1\" data-sf-depth=\"0\" value=\"reconhecimento-facial-en\">Reconhecimento facial<\/option>\r\n\t\t\t\t\t\t<option class=\"sf-level-0 sf-item-1127\" data-sf-count=\"5\" data-sf-depth=\"0\" value=\"redes-comunitarias\">Redes comunit\u00e1rias<\/option>\r\n\t\t\t\t\t\t<option class=\"sf-level-0 sf-item-931\" data-sf-count=\"10\" data-sf-depth=\"0\" value=\"seguranca-en\">Seguran\u00e7a<\/option>\r\n\t\t\t\t\t\t<option class=\"sf-level-0 sf-item-929\" data-sf-count=\"51\" data-sf-depth=\"0\" value=\"seguranca-privacidade-en\">Seguran\u00e7a &amp; Privacidade<\/option>\r\n\t\t\t\t\t\t<option class=\"sf-level-0 sf-item-1109\" data-sf-count=\"1\" data-sf-depth=\"0\" value=\"software-livre-en\">Software livre<\/option>\r\n\t\t\t\t\t\t<option class=\"sf-level-0 sf-item-1134\" data-sf-count=\"1\" data-sf-depth=\"0\" value=\"spyware\">Spyware<\/option>\r\n\t\t\t\t\t\t<option class=\"sf-level-0 sf-item-933\" data-sf-count=\"42\" data-sf-depth=\"0\" value=\"subjetividade-en\">Subjetividade<\/option>\r\n\t\t\t\t\t\t<option class=\"sf-level-0 sf-item-1125\" data-sf-count=\"3\" data-sf-depth=\"0\" value=\"tecnoceno\">Tecnoceno<\/option>\r\n\t\t\t\t\t\t<option class=\"sf-level-0 sf-item-935\" data-sf-count=\"67\" data-sf-depth=\"0\" value=\"tecnologia-e-sociedade-en\">Tecnologia e Sociedade<\/option>\r\n\t\t\t\t\t\t<option class=\"sf-level-0 sf-item-937\" data-sf-count=\"35\" data-sf-depth=\"0\" value=\"tecnologias-digitais-en\">Tecnologias Digitais<\/option>\r\n\t\t\t\t\t\t<option class=\"sf-level-0 sf-item-939\" data-sf-count=\"207\" data-sf-depth=\"0\" value=\"tecnopoliticas-en\">Tecnopol\u00edticas<\/option>\r\n\t\t\t\t\t\t<option class=\"sf-level-0 sf-item-942\" data-sf-count=\"13\" data-sf-depth=\"0\" value=\"trabalho-en\">Trabalho<\/option>\r\n\t\t\t\t\t\t<option class=\"sf-level-0 sf-item-943\" data-sf-count=\"32\" data-sf-depth=\"0\" value=\"urbano-en\">Urbano<\/option>\r\n\t\t\t\t\t\t<option class=\"sf-level-0 sf-item-945\" data-sf-count=\"102\" data-sf-depth=\"0\" value=\"vigilancia-en\">Vigil\u00e2ncia<\/option>\r\n\t\t\t\t\t\t<option class=\"sf-level-0 sf-item-947\" data-sf-count=\"10\" data-sf-depth=\"0\" value=\"vigilancia-e-estado-en\">Vigil\u00e2ncia e Estado<\/option>\r\n\t\t\t\t\t\t<option class=\"sf-level-0 sf-item-949\" data-sf-count=\"10\" data-sf-depth=\"0\" value=\"violencia-de-estado-en\">Viol\u00eancia de Estado<\/option>\r\n\t\t\t\t\t\t<option class=\"sf-level-0 sf-item-952\" data-sf-count=\"22\" data-sf-depth=\"0\" value=\"visibilidade-en\">Visibilidade<\/option>\r\n\t\t\t\t\t\t<option class=\"sf-level-0 sf-item-953\" data-sf-count=\"16\" data-sf-depth=\"0\" value=\"visualidades-en\">Visualidades<\/option>\r\n\t\t\t\t\t\t<option class=\"sf-level-0 sf-item-1120\" data-sf-count=\"1\" data-sf-depth=\"0\" value=\"wearable\">Wearable<\/option>\r\n\t\t\t\t\t<\/select>\r\n\t\t<\/label>\t\t<\/li><li class=\"sf-field-taxonomy-tipo\" data-sf-field-name=\"_sft_tipo\" data-sf-field-type=\"taxonomy\" data-sf-field-input-type=\"checkbox\"><h4>Tipos<\/h4>\t\t<ul data-operator=\"or\" class=\"\">\r\n\t\t\t\r\n\t\t\t\t\t<\/ul>\r\n\t\t<\/li><li class=\"sf-field-post-meta-blocksy_post_meta_options\" data-sf-field-name=\"_sfm_blocksy_post_meta_options\" data-sf-field-type=\"post_meta\" data-sf-field-input-type=\"range-slider\" data-sf-meta-type=\"number\"><h4>Per\u00edodo<\/h4>\t\t<div  data-start-min=\"0\" data-start-max=\"0\" data-start-min-formatted=\"0\" data-start-max-formatted=\"0\" data-min=\"0\" data-max=\"0\" data-step=\"1\" data-decimal-places=\"0\" data-thousand-seperator=\"\" data-decimal-seperator=\".\" data-display-values-as=\"text\" data-sf-field-name=\"_sfm_blocksy_post_meta_options\" class=\"sf-meta-range sf-meta-range-slider\">\r\n\t\t\r\n\t\t\t<span class=\"sf-range-min sf-text-number\">0<\/span><span class=\"sf-range-values-seperator\"> - <\/span><span class=\"sf-range-max sf-text-number\">0<\/span>\t\t\t\r\n\t\t\t<div class=\"meta-slider\"><\/div>\r\n\t\t<\/div>\r\n\t\t<\/li><li class=\"sf-field-post-meta-blocksy_post_meta_options\" data-sf-field-name=\"_sfm_blocksy_post_meta_options\" data-sf-field-type=\"post_meta\" data-sf-field-input-type=\"multiselect\" data-sf-meta-type=\"choice\" data-sf-combobox=\"1\"><h4>Pesquisadores<\/h4>\t\t<label>\r\n\t\t\t\t<select data-operator=\"or\" data-combobox=\"1\" data-placeholder=\"Todas as pessoas\" multiple=\"multiple\" name=\"_sfm_blocksy_post_meta_options[]\" class=\"sf-input-select\" title=\"\">\r\n\t\t\t\r\n\t\t\t\t\t\t<option class=\"sf-level-0 \" data-sf-count=\"-1\" data-sf-depth=\"0\" value=\"4\">4<\/option>\r\n\t\t\t\t\t\t<option class=\"sf-level-0 \" data-sf-count=\"-1\" data-sf-depth=\"0\" value=\"5\">5<\/option>\r\n\t\t\t\t\t\t<option class=\"sf-level-0 \" data-sf-count=\"-1\" data-sf-depth=\"0\" value=\"6\">6<\/option>\r\n\t\t\t\t\t\t<option class=\"sf-level-0 \" data-sf-count=\"-1\" data-sf-depth=\"0\" value=\"Array\">Array<\/option>\r\n\t\t\t\t\t<\/select>\r\n\t\t<\/label>\t\t<\/li><li class=\"sf-field-submit\" data-sf-field-name=\"submit\" data-sf-field-type=\"submit\" data-sf-field-input-type=\"\"><input type=\"submit\" name=\"_sf_submit\" value=\"Aplicar\"><\/li><\/ul><\/form>\n<\/div>\n\n\n\n<div class=\"wp-block-column is-layout-flow wp-block-column-is-layout-flow\" style=\"flex-basis:66.66%\"><div class=\"search-filter-results\" id=\"search-filter-results-499\">No Results Found<\/div>\n<\/div>\n<\/div>\n","protected":false},"excerpt":{"rendered":"","protected":false},"author":24,"featured_media":0,"parent":0,"menu_order":0,"comment_status":"closed","ping_status":"closed","template":"","meta":{"inline_featured_image":false,"_EventAllDay":false,"_EventTimezone":"","_EventStartDate":"","_EventEndDate":"","_EventStartDateUTC":"","_EventEndDateUTC":"","_EventShowMap":false,"_EventShowMapLink":false,"_EventURL":"","_EventCost":"","_EventCostDescription":"","_EventCurrencySymbol":"","_EventCurrencyCode":"","_EventCurrencyPosition":"","_EventDateTimeSeparator":"","_EventTimeRangeSeparator":"","_EventOrganizerID":[],"_EventVenueID":[],"_OrganizerEmail":"","_OrganizerPhone":"","_OrganizerWebsite":"","_VenueAddress":"","_VenueCity":"","_VenueCountry":"","_VenueProvince":"","_VenueState":"","_VenueZip":"","_VenuePhone":"","_VenueURL":"","_VenueStateProvince":"","_VenueLat":"","_VenueLng":"","_VenueShowMap":false,"_VenueShowMapLink":false,"footnotes":""},"class_list":["post-6769","page","type-page","status-publish","hentry"],"blocksy_meta":{"styles_descriptor":{"styles":{"desktop":"","tablet":"","mobile":""},"google_fonts":[],"version":6}},"acf":[],"_links":{"self":[{"href":"https:\/\/lavits.org\/en\/wp-json\/wp\/v2\/pages\/6769","targetHints":{"allow":["GET"]}}],"collection":[{"href":"https:\/\/lavits.org\/en\/wp-json\/wp\/v2\/pages"}],"about":[{"href":"https:\/\/lavits.org\/en\/wp-json\/wp\/v2\/types\/page"}],"author":[{"embeddable":true,"href":"https:\/\/lavits.org\/en\/wp-json\/wp\/v2\/users\/24"}],"replies":[{"embeddable":true,"href":"https:\/\/lavits.org\/en\/wp-json\/wp\/v2\/comments?post=6769"}],"version-history":[{"count":1,"href":"https:\/\/lavits.org\/en\/wp-json\/wp\/v2\/pages\/6769\/revisions"}],"predecessor-version":[{"id":6779,"href":"https:\/\/lavits.org\/en\/wp-json\/wp\/v2\/pages\/6769\/revisions\/6779"}],"wp:attachment":[{"href":"https:\/\/lavits.org\/en\/wp-json\/wp\/v2\/media?parent=6769"}],"curies":[{"name":"wp","href":"https:\/\/api.w.org\/{rel}","templated":true}]}}