{"id":4546,"date":"2016-07-26T10:42:31","date_gmt":"2016-07-26T13:42:31","guid":{"rendered":"http:\/\/lavits-2022.bemvindo\/ii-simposio-internacional-vigilancia-na-america-latina\/"},"modified":"2022-02-18T09:23:12","modified_gmt":"2022-02-18T12:23:12","slug":"ii-simposio-internacional-vigilancia-na-america-latina","status":"publish","type":"page","link":"https:\/\/lavits.org\/es\/ii-simposio-internacional-vigilancia-na-america-latina\/","title":{"rendered":"Simposio Internacional  \u201cIdentificaci\u00f3n, identidad y vigilancia en Am\u00e9rica Latina\u201d"},"content":{"rendered":"<p><img loading=\"lazy\" decoding=\"async\" class=\"size-full wp-image-1841 aligncenter\" src=\"https:\/\/lavits.org\/wp-content\/uploads\/2016\/07\/II-simposio_mexico-1.png\" alt=\"ii-simposio_mexico\" width=\"452\" height=\"328\" srcset=\"https:\/\/lavits.org\/wp-content\/uploads\/2016\/07\/II-simposio_mexico-1.png 452w, https:\/\/lavits.org\/wp-content\/uploads\/2016\/07\/II-simposio_mexico-1-400x290.png 400w, https:\/\/lavits.org\/wp-content\/uploads\/2016\/07\/II-simposio_mexico-1-150x109.png 150w, https:\/\/lavits.org\/wp-content\/uploads\/2016\/07\/II-simposio_mexico-1-80x58.png 80w\" sizes=\"auto, (max-width: 452px) 100vw, 452px\" \/><\/p>\n<p>&nbsp;<\/p>\n<p>&nbsp;<\/p>\n<p>&nbsp;<\/p>\n<p align=\"center\">Simposio Internacional<\/p>\n<p align=\"center\"><b>\u201cIdentificaci\u00f3n, identidad y vigilancia en Am\u00e9rica Latina\u201d<\/b><\/p>\n<p align=\"center\">Universidad Aut\u00f3noma del Estado de M\u00e9xico<\/p>\n<p align=\"center\">Facultad de Ciencias Pol\u00edticas y sociales<\/p>\n<p align=\"center\">Toluca, Estado de M\u00e9xico, M\u00e9xico<\/p>\n<p align=\"center\">16, 17 y 18 de Marzo de 2010<\/p>\n<p><b>\u00a0<\/b><\/p>\n<p><b>\u00a0Mas informaciones:\u00a0<a href=\"https:\/\/sites.google.com\/site\/idsurveillancemexico\/\" target=\"_blank\" rel=\"noopener\">https:\/\/sites.google.com\/site\/idsurveillancemexico\/<\/a><\/b><\/p>\n<p><b>Introducci\u00f3n<\/b><\/p>\n<p>En las sociedades modernas, los sistemas de identificaci\u00f3n han servido como un importante mecanismo de gobierno, para administrar, gestionar, clasificar y controlar a la poblaci\u00f3n, es decir, para vigilarla. Esto ha implicado la utilizaci\u00f3n de ciertas tecnolog\u00edas (pasaportes, cartas de identidad nacional, RFID, entre otras), proveyendo de informaci\u00f3n a bases de datos interconectadas, acordes a protocolos institucionales espec\u00edficos. De este modo, podemos definir a la identificaci\u00f3n como la visibilizaci\u00f3n y verificaci\u00f3n de detalles espec\u00edficos de la vida de las personas. Dichos sistemas de identificaci\u00f3n, igualmente, han respondido a varios prop\u00f3sitos: seguridad, control de la migraci\u00f3n, administraci\u00f3n de bienes y servicios, as\u00ed como para controlar el acceso a territorios, espacios o grupos.<\/p>\n<p>&nbsp;<\/p>\n<p>Indudablemente, el contexto hist\u00f3rico, social y pol\u00edtico advierte los prop\u00f3sitos particulares a los que responde cada sistema de identificaci\u00f3n. En Am\u00e9rica Latina, luego de d\u00e9cadas de gobiernos militares o unipartidistas, del crecimiento de sociedades y ciudades multiculturales, del incremento en la migraci\u00f3n, del aumento de riesgos terroristas, de seguridad p\u00fablica y de salud, as\u00ed como la creaci\u00f3n de pol\u00edticas p\u00fablicas (contra la pobreza o el desempleo) y de la entrada a la globalizaci\u00f3n, han incentivado la instalaci\u00f3n de grandes sistemas de vigilancia para la identificaci\u00f3n de la poblaci\u00f3n.<\/p>\n<p>&nbsp;<\/p>\n<p>Estas condiciones han propiciado la articulaci\u00f3n y armonizaci\u00f3n de instituciones, corporaciones, tecnolog\u00edas y protocolos espec\u00edficos de identificaci\u00f3n en el territorio latinoamericano, dependiendo de la situaci\u00f3n de cada pa\u00eds o regi\u00f3n, as\u00ed como de la relaci\u00f3n con otras regiones del mundo. Sin embargo, el ambiente de Am\u00e9rica Latina tambi\u00e9n permite trazar l\u00edneas de an\u00e1lisis alrededor de la construcci\u00f3n de las identidades y la privacidad, de las formas de gobierno y la posibilidad de pol\u00edticas de resistencia, es decir, de c\u00f3mo han sido asumidos los sistemas de identificaci\u00f3n.<\/p>\n<p>&nbsp;<\/p>\n<p><b>Env\u00edo de propuestas<\/b><\/p>\n<p>Considerando lo anterior, se invita a acad\u00e9micos, analistas y activistas de Am\u00e9rica Latina y del mundo, interesados en temas de vigilancia, identidades, privacidad, nuevas tecnolog\u00edas de identificaci\u00f3n (biom\u00e9tricos, RFID, etc), pol\u00edticas p\u00fablicas, seguridad, comunicaciones, y dem\u00e1s temas relacionados, a participar en el Simposio Internacional \u201cIdentificaci\u00f3n, identidad y vigilancia en Am\u00e9rica Latina\u201d, enviando una propuesta de ponencia.<\/p>\n<p>&nbsp;<\/p>\n<p>Dicha propuesta constar\u00e1 de <b>300 a 500 palabras, fuente Arial 12 puntos, interlineado de espacio y medio (1.5), al correo electr\u00f3nico surveillance.studies.mexico@gmail.com<\/b>, antes del <b>30 de octubre de 2009<\/b>. Dada la naturaleza del evento, se aceptar\u00e1n propuestas en espa\u00f1ol, portugu\u00e9s e ingl\u00e9s.<\/p>\n<p><b>\u00a0<\/b><\/p>\n<p><b>Nota: Para este evento no hay cuota de registro. Se espera que todos los participantes puedan cubrir sus gastos de viaje y hospedaje. Un n\u00famero de habitaciones a precios razonables ser\u00e1 reservado en un hotel cercano. Se proveer\u00e1n m\u00e1s detalles luego.<\/b><\/p>\n<p>&nbsp;<\/p>\n<p><b>Temas centrales<\/b><\/p>\n<p>1.\u00a0\u00a0\u00a0\u00a0 Pol\u00edticas gubernamentales y corporativas de identificaci\u00f3n.<\/p>\n<p>2.\u00a0\u00a0\u00a0\u00a0 Nuevas tecnolog\u00edas de identificaci\u00f3n y vigilancia.<\/p>\n<p>3.\u00a0\u00a0\u00a0\u00a0 Prop\u00f3sitos de los sistemas de identificaci\u00f3n en Am\u00e9rica Latina.<\/p>\n<p>4.\u00a0\u00a0\u00a0\u00a0 Tecnolog\u00edas de comunicaci\u00f3n y de informaci\u00f3n.<\/p>\n<p>5.\u00a0\u00a0\u00a0\u00a0 Privacidad y transparencia.<\/p>\n<p>6.\u00a0\u00a0\u00a0\u00a0 Identificaci\u00f3n, identidades y subjetividades.<\/p>\n<p>7.\u00a0\u00a0\u00a0\u00a0 La relaci\u00f3n entre lo global y lo local en los sistemas de identificaci\u00f3n.<\/p>\n<p>8.\u00a0\u00a0\u00a0\u00a0 L\u00f3gicas poscoloniales y reg\u00edmenes pol\u00edticos.<\/p>\n<p>9.\u00a0\u00a0\u00a0\u00a0 Identidades, vigilancia y resistencia.<\/p>\n<p>10.\u00a0 Identificaci\u00f3n, identidad y vigilancia en Am\u00e9rica Latina, \u00bfnuevas teor\u00edas?<\/p>\n<p>&nbsp;<\/p>\n<p>Fechas importantes<\/p>\n<p><b>Publicaci\u00f3n de la invitaci\u00f3n de ponencias<\/b>: 30 de julio de 2009.<\/p>\n<p><b>Fecha l\u00edmite para la recepci\u00f3n de res\u00famenes<\/b>: 30 de octubre de 2009.<\/p>\n<p><b>Lista de aceptados<\/b>: 15 de diciembre de 2009.<\/p>\n<p><b>Fecha l\u00edmite para recibir ponencias completas<\/b>: 15 de febrero de 2010.<\/p>\n<p><b>Publicaci\u00f3n del programa completo: <\/b>\u00a028 de febrero de 2010.<\/p>\n<p><b>Segundo simposio sobre vigilancia en Am\u00e9rica Latina<\/b>: 16, 17 y 18 de marzo de 2010. Universidad Aut\u00f3noma del Estado de M\u00e9xico. Facultad de Ciencias Pol\u00edticas y Sociales. Toluca, M\u00e9xico.<\/p>\n<p>&nbsp;<\/p>\n<p><b>Comit\u00e9 organizador<\/b><\/p>\n<p>Nelson Arteaga Botello<\/p>\n<p>Roberto J. Fuentes Rionda<\/p>\n<p><i>Facultad de Ciencias Pol\u00edticas y Sociales<\/i><\/p>\n<p><i>Universidad Aut\u00f3noma del Estado de M\u00e9xico, M\u00e9xico<\/i><\/p>\n<p><i>\u00a0<\/i><\/p>\n<p>Rodrigo Firmino<\/p>\n<p><i>Programa del Posgraduado en la Gesti\u00f3n Urbana<\/i><\/p>\n<p><i>Pontificia Universidad Cat\u00f3lica de Paran\u00e1, Curitiba, Brasil<\/i><\/p>\n<p>&nbsp;<\/p>\n<p>Fernanda Bruno<\/p>\n<p><i>Escuela de Posgraduados de Comunicaci\u00f3n<\/i><\/p>\n<p><i>Universidad Federal de R\u00edo de Janeiro, Brasil<\/i><\/p>\n<p>&nbsp;<\/p>\n<p>Marta Kanashiro<\/p>\n<p><i>Laboratorio de Estudios Avanzados en el Periodismo y Grupo Conocimiento, Tecnolog\u00eda y Mercado<\/i><\/p>\n<p><i>Universidad del Estado de Campinas (UNICAMP), Campinas, Brasil.<\/i><\/p>\n<p>&nbsp;<\/p>\n<p>Danilo Doneda<\/p>\n<p><i>Facultad de Derecho de Campos, Rio de Janeiro, Brasil<\/i><\/p>\n<p>&nbsp;<\/p>\n<p>Andr\u00e9 Lemos<\/p>\n<p><i>Universidad Federal de Bahia, Brasil<\/i><\/p>\n<p>&nbsp;<\/p>\n<p>Con el apoyo de:<\/p>\n<p>&nbsp;<\/p>\n<p>David Lyon<\/p>\n<p><i><span lang=\"EN-US\">Queen\u2019s University, Kingston, Ontario, Canad\u00e1<\/span><\/i><\/p>\n<p><span lang=\"EN-US\">\u00a0<\/span><\/p>\n<p><span lang=\"EN-US\">David Murakami Wood<\/span><\/p>\n<p><i><span lang=\"EN-US\">Global Urban Research Unit, Newcastle University, UK<\/span><\/i><\/p>\n","protected":false},"excerpt":{"rendered":"<p>&nbsp; &nbsp; &nbsp; Simposio Internacional \u201cIdentificaci\u00f3n, identidad y vigilancia en Am\u00e9rica Latina\u201d Universidad Aut\u00f3noma del Estado de M\u00e9xico Facultad de Ciencias Pol\u00edticas y sociales Toluca, Estado de M\u00e9xico, M\u00e9xico 16, [&hellip;]<\/p>\n","protected":false},"author":3,"featured_media":0,"parent":0,"menu_order":0,"comment_status":"closed","ping_status":"closed","template":"","meta":{"inline_featured_image":false,"_EventAllDay":false,"_EventTimezone":"","_EventStartDate":"","_EventEndDate":"","_EventStartDateUTC":"","_EventEndDateUTC":"","_EventShowMap":false,"_EventShowMapLink":false,"_EventURL":"","_EventCost":"","_EventCostDescription":"","_EventCurrencySymbol":"","_EventCurrencyCode":"","_EventCurrencyPosition":"","_EventDateTimeSeparator":"","_EventTimeRangeSeparator":"","_EventOrganizerID":[],"_EventVenueID":[],"_OrganizerEmail":"","_OrganizerPhone":"","_OrganizerWebsite":"","_VenueAddress":"","_VenueCity":"","_VenueCountry":"","_VenueProvince":"","_VenueState":"","_VenueZip":"","_VenuePhone":"","_VenueURL":"","_VenueStateProvince":"","_VenueLat":"","_VenueLng":"","_VenueShowMap":false,"_VenueShowMapLink":false,"footnotes":""},"class_list":["post-4546","page","type-page","status-publish","hentry"],"blocksy_meta":{"styles_descriptor":{"styles":{"desktop":"","tablet":"","mobile":""},"google_fonts":[],"version":6}},"acf":[],"_links":{"self":[{"href":"https:\/\/lavits.org\/es\/wp-json\/wp\/v2\/pages\/4546","targetHints":{"allow":["GET"]}}],"collection":[{"href":"https:\/\/lavits.org\/es\/wp-json\/wp\/v2\/pages"}],"about":[{"href":"https:\/\/lavits.org\/es\/wp-json\/wp\/v2\/types\/page"}],"author":[{"embeddable":true,"href":"https:\/\/lavits.org\/es\/wp-json\/wp\/v2\/users\/3"}],"replies":[{"embeddable":true,"href":"https:\/\/lavits.org\/es\/wp-json\/wp\/v2\/comments?post=4546"}],"version-history":[{"count":2,"href":"https:\/\/lavits.org\/es\/wp-json\/wp\/v2\/pages\/4546\/revisions"}],"predecessor-version":[{"id":4719,"href":"https:\/\/lavits.org\/es\/wp-json\/wp\/v2\/pages\/4546\/revisions\/4719"}],"wp:attachment":[{"href":"https:\/\/lavits.org\/es\/wp-json\/wp\/v2\/media?parent=4546"}],"curies":[{"name":"wp","href":"https:\/\/api.w.org\/{rel}","templated":true}]}}