{"id":4551,"date":"2016-07-26T11:14:43","date_gmt":"2016-07-26T14:14:43","guid":{"rendered":"http:\/\/lavits-2022.bemvindo\/i-simposio-internacional\/"},"modified":"2022-02-16T19:09:22","modified_gmt":"2022-02-16T22:09:22","slug":"i-simposio-internacional","status":"publish","type":"page","link":"https:\/\/lavits.org\/es\/i-simposio-internacional\/","title":{"rendered":"Vigilancia, Seguridad y Control Social &#8211; I Simposio Lavits"},"content":{"rendered":"<p><img loading=\"lazy\" decoding=\"async\" class=\"size-full wp-image-1865 aligncenter\" src=\"https:\/\/lavits.org\/wp-content\/uploads\/2016\/07\/SIMPOSIO-1-ESPANHOL.png\" alt=\"simposio-1-espanhol\" width=\"801\" height=\"150\" srcset=\"https:\/\/lavits.org\/wp-content\/uploads\/2016\/07\/SIMPOSIO-1-ESPANHOL.png 801w, https:\/\/lavits.org\/wp-content\/uploads\/2016\/07\/SIMPOSIO-1-ESPANHOL-400x75.png 400w, https:\/\/lavits.org\/wp-content\/uploads\/2016\/07\/SIMPOSIO-1-ESPANHOL-768x144.png 768w, https:\/\/lavits.org\/wp-content\/uploads\/2016\/07\/SIMPOSIO-1-ESPANHOL-150x28.png 150w, https:\/\/lavits.org\/wp-content\/uploads\/2016\/07\/SIMPOSIO-1-ESPANHOL-80x15.png 80w\" sizes=\"auto, (max-width: 801px) 100vw, 801px\" \/><\/p>\n<p>&nbsp;<\/p>\n<p>&nbsp;<\/p>\n<p>&nbsp;<\/p>\n<p style=\"text-align: center;\">PARA VER LOS VIDEOS DE LOS CONFERENCISTAS MAGISTRALES <strong><a href=\"http:\/\/www2.pucpr.br\/ssscla\/videos.htm\" target=\"_blank\" rel=\"noopener\">[CLICK AQUI]<\/a><\/strong><\/p>\n<p style=\"text-align: center;\">PARA BAJAR LOS ANALES <a href=\"https:\/\/lavits.org\/anais-i-simposio-internacional-lavits-vigilancia-seguranca-e-controle-social\/\" target=\"_blank\" rel=\"noopener\"><strong>[CLICK AQUI]<\/strong><\/a><\/p>\n<p style=\"text-align: center;\">MAS INFORMACIONES <strong><a href=\"http:\/\/www2.pucpr.br\/ssscla\/ES_contexto.htm\" target=\"_blank\" rel=\"noopener\">CLICK AQUI\u00a0<\/a><\/strong><\/p>\n<p>&nbsp;<\/p>\n<p><strong>En Curitiba&#8230;<\/strong><br \/>\nEn marzo del 2009,se llev\u00f3 a cabo en Curitiba en el PUCPR, este simposio, el cual fue considerado el primero de su tipo en Latinoamerica. Treinta y tres ponencias fueron presentadas en portugu\u00e9s, espa\u00f1ol e Ingl\u00e9s y este fue la primer iniciativa de gran exito para establecer la Red de Estudios sobre Vigilancia. Dentro de los conferencistas magistrales participaron personalidades importantes como David Lyon (Queen&#8217;s University), Nelson Arteaga Botello (UAEMex), David Murakami Wood (Newcastle University) y Luis Antonio Machado da Silva (IUPERJ).<\/p>\n<p>Despu\u00e9s del evento, Rodrigo Firmino (PPGTU\/PUCPR), Fernanda Bruno (Eco-P\u00f3s\/UFRJ), Marta Kanashiro (LabJor\/UNICAMP), Nelson Arteaga Botello, Danilo Doneda (FDC) y Andr\u00e9 Lemos (UFBa), con la asistencia de David Lyon y David Murakami Wood sostuvieron una reuni\u00f3n para establecer el principio de la red Latinoamericana. As\u00ed, este simposium ha marcado el comienzo de una nueva era en t\u00e9rminos del intercambio acad\u00e9mico y profesional sobre los estudios de vigilancia en Latinoamerica. Las memorias del simposium representan el testimonio de este momento importante y se encuentran disponibles en este sitio de internet.<br \/>\nAqu\u00ed podemos ver un comentario de David Murakami Wood en su Blog \u00abnotes from the ubiquitous surveillance society\u00bb: http:\/\/ubisurv.wordpress.com\/2009\/03\/07\/surveillance-in-latin-america\/<\/p>\n<p>Nelson Arteaga Botello esta ahora organizando el siguiente evento que tendr\u00e1 lugar en M\u00e9xico, en la Universidad Autonoma del Estado de Mexico, en 2010.<\/p>\n<p><strong>Antecedentes&#8230;<\/strong><br \/>\nLa vigilancia se ha convertido en uno de los m\u00e1s importantes temas en las ciencias sociales, y los Estudios sobre la Vigilancia se han consolidado en un campo de estudio interdisciplinario significativo. Sin embargo, el tema sigue siendo dominado por las perspectivas que provienen del Norte Global. La idea de la \u201csociedad de la vigilancia\u201d es esencialmente un concepto Euro-americano, poco aplicado o explorado fuera de estos pa\u00edses, a\u00fan cuando es en el Sur Global donde la vigilancia y el control social han tenido un impacto directo en la vida de la poblaci\u00f3n.<\/p>\n<p>En Am\u00e9rica Latina en particular, las pr\u00e1cticas y las tecnolog\u00edas de la vigilancia han tenido un efecto dominante en el pasado reciente, sobre todo en los pa\u00edses que experimentaron largos per\u00edodos de reg\u00edmenes autoritarios, con violentos conflictos entre ideolog\u00edas rivales, en los cuales se pusieron en marcha distintos tipos de controles en diferentes \u00e1reas de influencia pol\u00edtica y social. Estos a\u00f1os han dejado un legado de pr\u00e1cticas autoritarias en los servicios de seguridad y actitudes de desconfianza de la sociedad hacia los estados que no han sido superado en muchos pa\u00edses de la regi\u00f3n.<\/p>\n<p>Al mismo tiempo, el monitoreo desde el exterior, as\u00ed como la intervenci\u00f3n directa e indirecta, particularmente de los Estados Unidos de Am\u00e9rica, ha impuesto otro nivel de vigilancia. Esto recuerda momentos claves como la \u201cGuerra contra las drogas\u201d en Colombia y Centro Am\u00e9rica, el control sobre el movimiento de las poblaciones, en particular la migraci\u00f3n hacia los Estados Unidos de Am\u00e9rica, as\u00ed como el conflicto pol\u00edtico ecol\u00f3gico sobre la regi\u00f3n del Amazonas. Ahora, con las nuevas herramientas de la vigilancia urbana, en particular los CCTV y las bases de datos electr\u00f3nicas, el Estado al igual que las corporaciones privadas est\u00e1n implicados en nuevos tipos de vigilancia y control, justificados por el crecimiento de las \u2018clases medias\u2019 preocupadas por el crimen, as\u00ed como los efectos del terrorismo regional e internacional, sin olvidar la llamada \u2018Guerra contra el terror\u2019 puesta en marcha por los Estados Unidos de Am\u00e9rica.<\/p>\n<p>Considerando un amplio sector de acad\u00e9micos, analistas y activistas de Am\u00e9rica Latina, este Workshop quiere abrir el pasado, presente y futuro de la vigilancia, la seguridad y el control social en la regi\u00f3n, con el fin de hacer un escrutinio cr\u00edtico y formular preguntas pertinentes para la investigaci\u00f3n social y la pr\u00e1ctica pol\u00edtica.<\/p>\n<p>Tome nota por favor: no hay costo de inscripci\u00f3n para este simposio. Con todo, los participantes tendr\u00e1n que pagar su alojamiento y dem\u00e1s gastos. Una lista de hoteles estar\u00e1 disponible en la p\u00e1gina &#8216;Alojamiento&#8217;.<\/p>\n<p>&nbsp;<\/p>\n<p><strong>Comit\u00e9 Organizador:<br \/>\n<\/strong>Dr. Rodrigo Firmino<br \/>\n[Programa del Posgraduado en la Gesti\u00f3n Urbana, Pontificia Universidad Cat\u00f3lica de Paran\u00e1, Curitiba, Brasil]<br \/>\nDr. Fernanda Bruno<br \/>\n[Escuela de Posgraduados de Comunicaci\u00f3n, Universidad Federal de R\u00edo de Janeiro, Brasil]<br \/>\nMarta Kanashiro<br \/>\n[Laboratorio de Estudios Avanzados en el Periodismo y Grupo Conocimiento, Tecnolog\u00eda y Mercado, Universidad del Estado de Campinas (UNICAMP), Campinas, Brasil]<br \/>\nDr. Nelson Arteaga Botello<br \/>\n[Facutad de Ciencias Pol\u00edticas y Sociales, Universidad Aut\u00f3noma del Estado de M\u00e9xico]<br \/>\nDr. David Murakami Wood<br \/>\n[Global Urban Research Unit, Newcastle University, UK; Profesor Visitante de la Pontificia Universidad Cat\u00f3lica de Paran\u00e1, Curitiba, Brasil]<\/p>\n<p>&nbsp;<\/p>\n<p><img loading=\"lazy\" decoding=\"async\" class=\"size-full wp-image-1892 aligncenter\" src=\"https:\/\/lavits.org\/wp-content\/uploads\/2016\/07\/LOGOS-SIMPOSIO-1.png\" alt=\"logos-simposio-1\" width=\"807\" height=\"273\" srcset=\"https:\/\/lavits.org\/wp-content\/uploads\/2016\/07\/LOGOS-SIMPOSIO-1.png 807w, https:\/\/lavits.org\/wp-content\/uploads\/2016\/07\/LOGOS-SIMPOSIO-1-400x135.png 400w, https:\/\/lavits.org\/wp-content\/uploads\/2016\/07\/LOGOS-SIMPOSIO-1-768x260.png 768w, https:\/\/lavits.org\/wp-content\/uploads\/2016\/07\/LOGOS-SIMPOSIO-1-150x51.png 150w, https:\/\/lavits.org\/wp-content\/uploads\/2016\/07\/LOGOS-SIMPOSIO-1-80x27.png 80w\" sizes=\"auto, (max-width: 807px) 100vw, 807px\" \/><\/p>\n","protected":false},"excerpt":{"rendered":"<p>&nbsp; &nbsp; &nbsp; PARA VER LOS VIDEOS DE LOS CONFERENCISTAS MAGISTRALES [CLICK AQUI] PARA BAJAR LOS ANALES [CLICK AQUI] MAS INFORMACIONES CLICK AQUI\u00a0 &nbsp; En Curitiba&#8230; En marzo del 2009,se [&hellip;]<\/p>\n","protected":false},"author":3,"featured_media":0,"parent":0,"menu_order":0,"comment_status":"closed","ping_status":"closed","template":"","meta":{"inline_featured_image":false,"_EventAllDay":false,"_EventTimezone":"","_EventStartDate":"","_EventEndDate":"","_EventStartDateUTC":"","_EventEndDateUTC":"","_EventShowMap":false,"_EventShowMapLink":false,"_EventURL":"","_EventCost":"","_EventCostDescription":"","_EventCurrencySymbol":"","_EventCurrencyCode":"","_EventCurrencyPosition":"","_EventDateTimeSeparator":"","_EventTimeRangeSeparator":"","_EventOrganizerID":[],"_EventVenueID":[],"_OrganizerEmail":"","_OrganizerPhone":"","_OrganizerWebsite":"","_VenueAddress":"","_VenueCity":"","_VenueCountry":"","_VenueProvince":"","_VenueState":"","_VenueZip":"","_VenuePhone":"","_VenueURL":"","_VenueStateProvince":"","_VenueLat":"","_VenueLng":"","_VenueShowMap":false,"_VenueShowMapLink":false,"footnotes":""},"class_list":["post-4551","page","type-page","status-publish","hentry"],"blocksy_meta":{"styles_descriptor":{"styles":{"desktop":"","tablet":"","mobile":""},"google_fonts":[],"version":6}},"acf":[],"_links":{"self":[{"href":"https:\/\/lavits.org\/es\/wp-json\/wp\/v2\/pages\/4551","targetHints":{"allow":["GET"]}}],"collection":[{"href":"https:\/\/lavits.org\/es\/wp-json\/wp\/v2\/pages"}],"about":[{"href":"https:\/\/lavits.org\/es\/wp-json\/wp\/v2\/types\/page"}],"author":[{"embeddable":true,"href":"https:\/\/lavits.org\/es\/wp-json\/wp\/v2\/users\/3"}],"replies":[{"embeddable":true,"href":"https:\/\/lavits.org\/es\/wp-json\/wp\/v2\/comments?post=4551"}],"version-history":[{"count":1,"href":"https:\/\/lavits.org\/es\/wp-json\/wp\/v2\/pages\/4551\/revisions"}],"predecessor-version":[{"id":4554,"href":"https:\/\/lavits.org\/es\/wp-json\/wp\/v2\/pages\/4551\/revisions\/4554"}],"wp:attachment":[{"href":"https:\/\/lavits.org\/es\/wp-json\/wp\/v2\/media?parent=4551"}],"curies":[{"name":"wp","href":"https:\/\/api.w.org\/{rel}","templated":true}]}}