{"id":4588,"date":"2015-08-14T16:08:11","date_gmt":"2015-08-14T19:08:11","guid":{"rendered":"http:\/\/lavits-2022.bemvindo\/?page_id=4588"},"modified":"2022-05-18T12:11:42","modified_gmt":"2022-05-18T15:11:42","slug":"lavits","status":"publish","type":"page","link":"https:\/\/lavits.org\/es\/lavits\/","title":{"rendered":"Lavits"},"content":{"rendered":"\n<h2 class=\"wp-block-heading\" id=\"apresentacao\">Apresenta\u00e7\u00e3o<\/h2>\n\n<p>A rede LAVITS tem como objetivo ser um meio para o interc\u00e2mbio entre pesquisadores, ativistas e artistas latino-americanos interessados nas rela\u00e7\u00f5es entre vigil\u00e2ncia, tecnologia e sociedade.<\/p>\n\n<p>A massiva presen\u00e7a de tecnologias de vigil\u00e2ncia e monitoramento de dados pessoais no cotidiano latino-americano n\u00e3o vem sendo acompanhada, com a mesma intensidade, seja por debates p\u00fablicos e movimentos sociais, seja por pesquisas acad\u00eamicas e legisla\u00e7\u00e3o adequada. Sistemas de v\u00eddeo-vigil\u00e2ncia, etiquetas RFID, equipamentos com GPS, mecanismos de rastreamento de dados na Internet e em redes de telefones celulares, cart\u00f5es inteligentes, documentos biom\u00e9tricos de identifica\u00e7\u00e3o s\u00e3o alguns exemplos de tecnologias que permitem a coleta, armazenamento, gerenciamento e cruzamento de informa\u00e7\u00e3o, em especial, de dados pessoais, todas em expans\u00e3o no contexto latino-americano.<\/p>\n\n<p>A percep\u00e7\u00e3o deste cen\u00e1rio sinalizou a import\u00e2ncia de se criar um espa\u00e7o de trocas e de produ\u00e7\u00e3o coletiva de informa\u00e7\u00f5es e conhecimentos, visando estimular debates e pesquisas conjuntas sobre os modos como se articulam processos de vigil\u00e2ncia e dispositivos tecnol\u00f3gicos nas sociedades contempor\u00e2neas.<\/p>\n\n<p>Assim, a Rede Latino-Americana de Estudos sobre Vigil\u00e2ncia, Tecnologia e Sociedade tem como objetivos principais:<\/p>\n\n<p>\u2022 Promover o interc\u00e2mbio entre pesquisadores e interessados na compreeens\u00e3o das rela\u00e7\u00f5es entre vigil\u00e2ncia, tecnologia e sociedade;<\/p>\n\n<p>\u2022 Estimular a produ\u00e7\u00e3o de pesquisas e conhecimento sobre esses temas no contexto dos pa\u00edses latino-americanos, considerando suas diferen\u00e7as e similaridades;<\/p>\n\n<p>\u2022 Criar estrat\u00e9gias para a cria\u00e7\u00e3o de atividades conjuntas e multidisciplinares;<\/p>\n\n<p>\u2022 Encorajar a explora\u00e7\u00e3o de metodologias comuns entre os pesquisadores da rede;<\/p>\n\n<p>\u2022 Aumentar a visibilidade dos temas estudados pelos membros da rede;<\/p>\n\n<p>\u2022 Intensificar o di\u00e1logo e a colabora\u00e7\u00e3o com movimentos sociais e art\u00edsticos que problematizam os processos e tecnologias de vigil\u00e2ncia em nossas sociedades;<\/p>\n\n<p>\u2022 Ampliar interc\u00e2mbios entre os pesquisadores latino-americanos da rede e outras redes e iniciativas internacionais com tem\u00e1tica similar;<\/p>\n\n<p>\u2022 Divulgar as pesquisas, eventos, atividades e textos realizados pelos membros da rede, tendo em vista fomentar o debate p\u00fablico sobre o uso de tecnologias de vigil\u00e2ncia na Am\u00e9rica Latina.<\/p>\n\n<h2 class=\"wp-block-heading\" id=\"historico\">Hist\u00f3rico<\/h2>\n\n<p>Em mar\u00e7o de 2009, os membros da Rede Latino-Americana de Estudos sobre Vigil\u00e2ncia, Tecnologia e Sociedade (Lavits) no Brasil, realizaram na Pontif\u00edcia Universidade Cat\u00f3lica do Paran\u00e1 (Curitiba-Brasil), o I Simp\u00f3sio Internacional Vigil\u00e2ncia, Seguran\u00e7a e Controle Social na Am\u00e9rica Latina. Este foi o primeiro passo para reunir um grupo de pesquisadores interessados no tema da vigil\u00e2ncia, tecnologia, coleta e monitoramento de dados.<\/p>\n\n<p>Os pesquisadores da rede finalizaram em 2011 a primeira fase do projeto de pesquisa \u201cEfeitos Sociais do Tratamento e da Regula\u00e7\u00e3o de Dados Pessoais na Am\u00e9rica Latina\u201d, financiado pelo International Development Research Centre (IDRC).<\/p>\n\n<p>O objetivo desse projeto foi mapear a situa\u00e7\u00e3o atual das tecnologias de vigil\u00e2ncia e de coleta de dados pessoais no Brasil e no M\u00e9xico a partir de tr\u00eas eixos tem\u00e1ticos: Documentos nacionais de identifica\u00e7\u00e3o; b) V\u00eddeo vigil\u00e2ncia em espa\u00e7os p\u00fablicos; e c) Vigil\u00e2ncia de Dados na Internet.<\/p>\n\n<p>Projetos futuros visam a compara\u00e7\u00e3o aprofundada da situa\u00e7\u00e3o nesses dois pa\u00edses e o mapeamento de outros pa\u00edses latino americanos. Por meio de confer\u00eancias e estudos, a rede tem como meta encontrar outros parceiros latino-americanos e estabelecer um ambiente fecundo de interc\u00e2mbio e parceria em torno dos temas vigil\u00e2ncia, tecnologia e sociedade, na regi\u00e3o.<\/p>\n\n<h2 class=\"wp-block-heading\" id=\"confira-eventos-e-atividades-da-lavits-aqui\">Confira eventos e atividades da Lavits\u00a0<a href=\"https:\/\/lavits.org\/?cat=7&amp;lang=pt\" target=\"_blank\" rel=\"noopener\">aqui<\/a>.<\/h2>\n","protected":false},"excerpt":{"rendered":"<p>Apresenta\u00e7\u00e3o A rede LAVITS tem como objetivo ser um meio para o interc\u00e2mbio entre pesquisadores, ativistas e artistas latino-americanos interessados nas rela\u00e7\u00f5es entre vigil\u00e2ncia, tecnologia e sociedade. A massiva presen\u00e7a [&hellip;]<\/p>\n","protected":false},"author":1,"featured_media":0,"parent":0,"menu_order":0,"comment_status":"closed","ping_status":"closed","template":"","meta":{"inline_featured_image":false,"_EventAllDay":false,"_EventTimezone":"","_EventStartDate":"","_EventEndDate":"","_EventStartDateUTC":"","_EventEndDateUTC":"","_EventShowMap":false,"_EventShowMapLink":false,"_EventURL":"","_EventCost":"","_EventCostDescription":"","_EventCurrencySymbol":"","_EventCurrencyCode":"","_EventCurrencyPosition":"","_EventDateTimeSeparator":"","_EventTimeRangeSeparator":"","_EventOrganizerID":[],"_EventVenueID":[],"_OrganizerEmail":"","_OrganizerPhone":"","_OrganizerWebsite":"","_VenueAddress":"","_VenueCity":"","_VenueCountry":"","_VenueProvince":"","_VenueState":"","_VenueZip":"","_VenuePhone":"","_VenueURL":"","_VenueStateProvince":"","_VenueLat":"","_VenueLng":"","_VenueShowMap":false,"_VenueShowMapLink":false,"footnotes":""},"class_list":["post-4588","page","type-page","status-publish","hentry"],"blocksy_meta":{"page_title_panel":"","has_hero_section":"default","fb50f3d7277aaa14209a7e7de8e910f6":"","hero_section":"type-1","hero_elements":[{"id":"custom_title","enabled":true,"heading_tag":"h1","title":"P\u00e1gina inicial"},{"id":"custom_description","enabled":true,"description_visibility":{"desktop":true,"tablet":true,"mobile":false}},{"id":"custom_meta","enabled":false,"meta_elements":[{"id":"author","enabled":true,"label":"Por","has_author_avatar":"yes","avatar_size":25},{"id":"post_date","enabled":true,"label":"Em","date_format_source":"default","date_format":"M j, Y"},{"id":"updated_date","enabled":false,"label":"Em","date_format_source":"default","date_format":"M j, Y"},{"id":"categories","enabled":false,"label":"Em","style":"simple"},{"id":"comments","enabled":true}],"page_meta_elements":{"joined":true,"articles_count":true,"comments":true}},{"id":"breadcrumbs","enabled":false}],"4d7ad956d7e1c1dbc8d7a3a7260c5b8c":"","hero_alignment1":"CT_CSS_SKIP_RULE","hero_margin":40,"hero_alignment2":"center","hero_vertical_alignment":"center","f4f0cca9c967db4573e010b2601fad8e":"","hero_structure":"narrow","20711afd591a52e3c546cb0b06bbc077":"","page_title_bg_type":"featured_image","custom_hero_background":{"attachment_id":null},"parallax":{"desktop":false,"tablet":false,"mobile":false},"04f15ba6e445c2488c96bde255143a96":"","hero_height":"250px","pageTitleFont":{"family":"Default","variation":"Default","size":"30px","line-height":"CT_CSS_SKIP_RULE","letter-spacing":"CT_CSS_SKIP_RULE","text-transform":"CT_CSS_SKIP_RULE","text-decoration":"CT_CSS_SKIP_RULE"},"pageTitleFontColor":{"default":{"color":"CT_CSS_SKIP_RULEDEFAULT"}},"pageMetaFont":{"family":"Default","variation":"n6","size":"12px","line-height":"1.3","letter-spacing":"CT_CSS_SKIP_RULE","text-transform":"uppercase","text-decoration":"CT_CSS_SKIP_RULE"},"pageMetaFontColor":{"default":{"color":"CT_CSS_SKIP_RULEDEFAULT"},"hover":{"color":"CT_CSS_SKIP_RULEDEFAULT"}},"page_meta_button_type_font_colors":{"default":{"color":"CT_CSS_SKIP_RULEDEFAULT"},"hover":{"color":"CT_CSS_SKIP_RULEDEFAULT"}},"page_meta_button_type_background_colors":{"default":{"color":"CT_CSS_SKIP_RULEDEFAULT"},"hover":{"color":"CT_CSS_SKIP_RULEDEFAULT"}},"pageExcerptFont":{"family":"Default","variation":"Default","size":"CT_CSS_SKIP_RULE","line-height":"CT_CSS_SKIP_RULE","letter-spacing":"CT_CSS_SKIP_RULE","text-transform":"CT_CSS_SKIP_RULE","text-decoration":"CT_CSS_SKIP_RULE"},"pageExcerptColor":{"default":{"color":"CT_CSS_SKIP_RULEDEFAULT"}},"breadcrumbsFont":{"family":"Default","variation":"Default","size":"CT_CSS_SKIP_RULE","line-height":"CT_CSS_SKIP_RULE","letter-spacing":"CT_CSS_SKIP_RULE","text-transform":"CT_CSS_SKIP_RULE","text-decoration":"CT_CSS_SKIP_RULE"},"breadcrumbsFontColor":{"default":{"color":"CT_CSS_SKIP_RULEDEFAULT"},"initial":{"color":"CT_CSS_SKIP_RULEDEFAULT"},"hover":{"color":"CT_CSS_SKIP_RULEDEFAULT"}},"pageTitleOverlay":{"background_type":"color","background_pattern":"type-1","background_image":{"attachment_id":null,"x":0,"y":0},"gradient":"linear-gradient(135deg,rgba(6,147,227,1) 0%,rgb(155,81,224) 100%)","background_repeat":"repeat","background_size":"auto","background_attachment":"scroll","patternColor":{"default":{"color":"#e5e7ea"}},"overlayColor":{"default":{"color":"CT_CSS_SKIP_RULE"}},"backgroundColor":{"default":{"color":"CT_CSS_SKIP_RULE"}}},"pageTitleBackground":{"background_type":"color","background_pattern":"type-1","background_image":{"attachment_id":null,"x":0,"y":0},"gradient":"linear-gradient(135deg,rgba(6,147,227,1) 0%,rgb(155,81,224) 100%)","background_repeat":"repeat","background_size":"auto","background_attachment":"scroll","patternColor":{"default":{"color":"#e5e7ea"}},"overlayColor":{"default":{"color":"CT_CSS_SKIP_RULE"}},"backgroundColor":{"default":{"color":"var(--theme-palette-color-6)"}}},"pageTitlePadding":{"top":"50px","bottom":"50px","left":"auto","right":"auto","linked":true},"b5a283e08bf217917d777f0e5d6f46e9":"","page_structure_type":"type-2","fb6bcad26b03f8faee0cd3c0fc70056e":"","content_style_source":"inherit","content_style":"wide","vertical_spacing_source":"inherit","content_area_spacing":"both","background":{"background_type":"color","background_pattern":"type-1","background_image":{"attachment_id":null,"x":0,"y":0},"gradient":"linear-gradient(135deg,rgba(6,147,227,1) 0%,rgb(155,81,224) 100%)","background_repeat":"repeat","background_size":"auto","background_attachment":"scroll","patternColor":{"default":{"color":"#e5e7ea"}},"overlayColor":{"default":{"color":"CT_CSS_SKIP_RULE"}},"backgroundColor":{"default":{"color":"CT_CSS_SKIP_RULE"}}},"content_background":{"background_type":"color","background_pattern":"type-1","background_image":{"attachment_id":null,"x":0,"y":0},"gradient":"linear-gradient(135deg,rgba(6,147,227,1) 0%,rgb(155,81,224) 100%)","background_repeat":"repeat","background_size":"auto","background_attachment":"scroll","patternColor":{"default":{"color":"#e5e7ea"}},"overlayColor":{"default":{"color":"CT_CSS_SKIP_RULE"}},"backgroundColor":{"default":{"color":"var(--theme-palette-color-8)"}}},"content_boxed_shadow":{"inherit":false,"blur":18,"spread":-6,"v_offset":12,"h_offset":0,"inset":false,"enable":true,"color":{"color":"rgba(34, 56, 101, 0.04)"}},"boxed_content_spacing":{"desktop":{"top":"40px","bottom":"40px","left":"40px","right":"40px","linked":true},"tablet":{"top":"35px","bottom":"35px","left":"35px","right":"35px","linked":true},"mobile":{"top":"20px","bottom":"20px","left":"20px","right":"20px","linked":true}},"content_boxed_radius":{"top":"3px","bottom":"3px","left":"3px","right":"3px","linked":true},"5a941254d270d403a30bc70b8065be40":"","disable_featured_image":"no","disable_share_box":"no","disable_header":"no","disable_footer":"no","styles_descriptor":{"styles":{"desktop":"","tablet":"","mobile":""},"google_fonts":[],"version":6}},"acf":[],"_links":{"self":[{"href":"https:\/\/lavits.org\/es\/wp-json\/wp\/v2\/pages\/4588","targetHints":{"allow":["GET"]}}],"collection":[{"href":"https:\/\/lavits.org\/es\/wp-json\/wp\/v2\/pages"}],"about":[{"href":"https:\/\/lavits.org\/es\/wp-json\/wp\/v2\/types\/page"}],"author":[{"embeddable":true,"href":"https:\/\/lavits.org\/es\/wp-json\/wp\/v2\/users\/1"}],"replies":[{"embeddable":true,"href":"https:\/\/lavits.org\/es\/wp-json\/wp\/v2\/comments?post=4588"}],"version-history":[{"count":3,"href":"https:\/\/lavits.org\/es\/wp-json\/wp\/v2\/pages\/4588\/revisions"}],"predecessor-version":[{"id":8937,"href":"https:\/\/lavits.org\/es\/wp-json\/wp\/v2\/pages\/4588\/revisions\/8937"}],"wp:attachment":[{"href":"https:\/\/lavits.org\/es\/wp-json\/wp\/v2\/media?parent=4588"}],"curies":[{"name":"wp","href":"https:\/\/api.w.org\/{rel}","templated":true}]}}