{"id":4595,"date":"2016-05-17T11:13:29","date_gmt":"2016-05-17T14:13:29","guid":{"rendered":"http:\/\/lavits-2022.bemvindo\/parceiros\/"},"modified":"2022-02-16T19:30:01","modified_gmt":"2022-02-16T22:30:01","slug":"parceiros","status":"publish","type":"page","link":"https:\/\/lavits.org\/es\/parceiros\/","title":{"rendered":"Colaboradores"},"content":{"rendered":"<div class=\"entry-content\">\n<h3><strong>Coding Rights: <a href=\"https:\/\/www.codingrights.org\/pt\/principal\/\" target=\"_blank\" rel=\"noopener\">www.codingrights.org<\/a><\/strong><\/h3>\n<h3><strong>Derechos Digitales: <a href=\"https:\/\/derechosdigitales.org\/\" target=\"_blank\" rel=\"noopener\">derechosdigitales.org<\/a><\/strong><\/h3>\n<h3><strong>Eletronic Frontier Foundation: <a href=\"https:\/\/www.eff.org\/\" target=\"_blank\" rel=\"noopener\">www.eff.org<\/a><\/strong><\/h3>\n<h3><strong>Labjor\/Unicamp: <a href=\"http:\/\/www.labjor.unicamp.br\/\" target=\"_blank\" rel=\"noopener\">www.labjor.unicamp.br<\/a><\/strong><\/h3>\n<h3><strong>MediaLab UFRJ: <a href=\"http:\/\/medialabufrj.net\/\" target=\"_blank\" rel=\"noopener\">medialabufrj.net<\/a><\/strong><\/h3>\n<h3><strong>Oficina Antivigil\u00e2ncia: <a href=\"https:\/\/antivigilancia.org\/pt\/inicial-pt\/\" target=\"_blank\" rel=\"noopener\">antivigilancia.org<\/a><\/strong><\/h3>\n<h3><strong>Observat\u00f3rio da Privacidade e Vigil\u00e2ncia: <a href=\"http:\/\/www.privacidade.net\/\" target=\"_blank\" rel=\"noopener\">www.privacidade.net<\/a><\/strong><\/h3>\n<h3><strong>Pimentalab: <a href=\"https:\/\/pimentalab.milharal.org\/\" target=\"_blank\" rel=\"noopener\">pimentalab.milharal.org<\/a><\/strong><\/h3>\n<h3><strong>Surveillance Studies Centre: <a href=\"http:\/\/www.sscqueens.org\/\" target=\"_blank\" rel=\"noopener\">www.sscqueens.org<\/a><\/strong><\/h3>\n<h3><strong>Tem boi na linha?: <a href=\"http:\/\/www.temboinalinha.org\/\">www.temboinalinha.org<\/a><\/strong><\/h3>\n<\/div>\n","protected":false},"excerpt":{"rendered":"<p>Coding Rights: www.codingrights.org Derechos Digitales: derechosdigitales.org Eletronic Frontier Foundation: www.eff.org Labjor\/Unicamp: www.labjor.unicamp.br MediaLab UFRJ: medialabufrj.net Oficina Antivigil\u00e2ncia: antivigilancia.org Observat\u00f3rio da Privacidade e Vigil\u00e2ncia: www.privacidade.net Pimentalab: pimentalab.milharal.org Surveillance Studies Centre: www.sscqueens.org [&hellip;]<\/p>\n","protected":false},"author":1,"featured_media":0,"parent":0,"menu_order":0,"comment_status":"closed","ping_status":"closed","template":"","meta":{"inline_featured_image":false,"_EventAllDay":false,"_EventTimezone":"","_EventStartDate":"","_EventEndDate":"","_EventStartDateUTC":"","_EventEndDateUTC":"","_EventShowMap":false,"_EventShowMapLink":false,"_EventURL":"","_EventCost":"","_EventCostDescription":"","_EventCurrencySymbol":"","_EventCurrencyCode":"","_EventCurrencyPosition":"","_EventDateTimeSeparator":"","_EventTimeRangeSeparator":"","_EventOrganizerID":[],"_EventVenueID":[],"_OrganizerEmail":"","_OrganizerPhone":"","_OrganizerWebsite":"","_VenueAddress":"","_VenueCity":"","_VenueCountry":"","_VenueProvince":"","_VenueState":"","_VenueZip":"","_VenuePhone":"","_VenueURL":"","_VenueStateProvince":"","_VenueLat":"","_VenueLng":"","_VenueShowMap":false,"_VenueShowMapLink":false,"footnotes":""},"class_list":["post-4595","page","type-page","status-publish","hentry"],"blocksy_meta":{"styles_descriptor":{"styles":{"desktop":"","tablet":"","mobile":""},"google_fonts":[],"version":6}},"acf":[],"_links":{"self":[{"href":"https:\/\/lavits.org\/es\/wp-json\/wp\/v2\/pages\/4595","targetHints":{"allow":["GET"]}}],"collection":[{"href":"https:\/\/lavits.org\/es\/wp-json\/wp\/v2\/pages"}],"about":[{"href":"https:\/\/lavits.org\/es\/wp-json\/wp\/v2\/types\/page"}],"author":[{"embeddable":true,"href":"https:\/\/lavits.org\/es\/wp-json\/wp\/v2\/users\/1"}],"replies":[{"embeddable":true,"href":"https:\/\/lavits.org\/es\/wp-json\/wp\/v2\/comments?post=4595"}],"version-history":[{"count":2,"href":"https:\/\/lavits.org\/es\/wp-json\/wp\/v2\/pages\/4595\/revisions"}],"predecessor-version":[{"id":4599,"href":"https:\/\/lavits.org\/es\/wp-json\/wp\/v2\/pages\/4595\/revisions\/4599"}],"wp:attachment":[{"href":"https:\/\/lavits.org\/es\/wp-json\/wp\/v2\/media?parent=4595"}],"curies":[{"name":"wp","href":"https:\/\/api.w.org\/{rel}","templated":true}]}}