{"id":4724,"date":"2016-07-20T16:42:19","date_gmt":"2016-07-20T19:42:19","guid":{"rendered":"http:\/\/lavits-2022.bemvindo\/iii-simposio-lavits\/"},"modified":"2022-02-18T09:26:39","modified_gmt":"2022-02-18T12:26:39","slug":"iii-simposio-lavits","status":"publish","type":"page","link":"https:\/\/lavits.org\/es\/iii-simposio-lavits\/","title":{"rendered":"III Simposio Internacional LAVITS &#8211; Vigilancia, Tecnopol\u00edticas y Territorios"},"content":{"rendered":"<p><img loading=\"lazy\" decoding=\"async\" class=\"wp-image-1708 size-full aligncenter\" src=\"https:\/\/lavits.org\/wp-content\/uploads\/2016\/07\/header1.gif\" alt=\"header1\" width=\"960\" height=\"250\" \/><\/p>\n<h1><\/h1>\n<h3 style=\"text-align: center;\">13-15 Mayo 2015. R\u00edo de Janeiro, Brasil<\/h3>\n<p style=\"text-align: center;\">ASSISTA AOS V\u00cdDEOS DA CONFER\u00caNCIA<a href=\"http:\/\/bit.ly\/lavits2015\"> <strong>[AQUI]<\/strong><\/a><\/p>\n<p style=\"text-align: center;\">CONFIRA OS ANAIS COMPLETOS<a href=\"https:\/\/lavits.org\/anais-iii-simposio-internacional-lavits-vigilancia-tecnopoliticas-territorios-2\/?lang=pt-pt\" target=\"_blank\" rel=\"noopener\"> [<strong>AQUI<\/strong>]<\/a><\/p>\n<p style=\"text-align: center;\">CONFIRA A PROGRAMA\u00c7\u00c3O COMPLETA <strong><a href=\"http:\/\/lavitsrio2015.medialabufrj.net\/es\/programa\/\" target=\"_blank\" rel=\"noopener\">[AQUI]\u00a0<\/a><\/strong><\/p>\n<p>&nbsp;<\/p>\n<p>Invitamos a los investigadores, profesores, activistas y artistas a enviar sus res\u00famenes de trabajo al III Simposio Internacional LAVITS que, adem\u00e1s de esta tem\u00e1tica general, propone debatir los siguientes temas claves:<\/p>\n<ul>\n<li>Big Data, vigilancia y tecnopol\u00edtica<\/li>\n<li>Vigilancia, protestas pol\u00edticas y manifestaciones urbanas<\/li>\n<li>Megaeventos y vigilancia<\/li>\n<li>Web, Deep Web e Internet de las cosas: rastrear y vigilar<\/li>\n<li>Activismo y contra-vigilancia: criptograf\u00eda, hacktivismo, tecnopol\u00edticas<\/li>\n<li>Pr\u00e1cticas art\u00edsticas y est\u00e9ticas de la vigilancia<\/li>\n<li>Trabajo y vigilancia<\/li>\n<li>Cuerpo, cuidado y vigilancia<\/li>\n<li>Identificaci\u00f3n, biometr\u00eda y vigilancia<\/li>\n<li>Ciudades inteligentes y vigilancia algor\u00edtmica<\/li>\n<li>Vigilancia m\u00f3bil y wearable: drones, GPS, smartphones, c\u00e1maras integradas etc.<\/li>\n<li>Privacidad, datos personales y control de la informaci\u00f3n<\/li>\n<li>Vigilancia y pr\u00e1cticas de consumo<\/li>\n<li>Tecnolog\u00edas de auto-monitoreo y control<\/li>\n<li>Historias, memorias y archivos de vigilancia<\/li>\n<li>Regulaci\u00f3n de la vigilancia y protecci\u00f3n de datos en Am\u00e9rica Latina<\/li>\n<li>Snowden, NSA y vigilancia de masas: impactos en Am\u00e9rica Latina<\/li>\n<li>Vigilancia y dictadura militar en Am\u00e9rica Latina<\/li>\n<li>Mercado de la vigilancia en Am\u00e9rica Latina: conexiones p\u00fablico-privado<\/li>\n<li>Vigilancia y Tecnopol\u00edtica en Am\u00e9rica Latina: conceptos, metodolog\u00edas y estudios de caso<\/li>\n<li>Controle social, territorio y vigilancia en Am\u00e9rica Latina<\/li>\n<\/ul>\n<header class=\"entry-header\">\n<h1 class=\"entry-title\"><\/h1>\n<\/header>\n<header class=\"entry-header\">\n<h1 class=\"entry-title\">Organizaci\u00f3n<\/h1>\n<\/header>\n<div class=\"entry-content\">\n<h3>Comit\u00e9 Organizador<\/h3>\n<ul>\n<li>Fernanda Bruno (UFRJ)<\/li>\n<li>Rodrigo Firmino (PUCPR)<\/li>\n<li>Marta Kanashiro (UNICAMP)<\/li>\n<li>Lucas Melga\u00e7o (VUB, Bruxelas)<\/li>\n<li>Nelson Arteaga Botello (FLACSO, M\u00e9xico)<\/li>\n<li>Bruno Cardoso (UFRJ)<\/li>\n<li>Ricardo Pimenta (IBICT)<\/li>\n<li>Henrique Parra (UNIFESP)<\/li>\n<li>Rosa Pedro (UFRJ)<\/li>\n<li>Rafael Evangelista (UNICAMP)<\/li>\n<li>Pablo Ortellado (USP)<\/li>\n<\/ul>\n<\/div>\n<p>&nbsp;<\/p>\n<p>&nbsp;<\/p>\n<div class=\"entry-content\">\n<p><img loading=\"lazy\" decoding=\"async\" class=\"wp-image-1707 size-full aligncenter\" src=\"https:\/\/lavits.org\/wp-content\/uploads\/2016\/07\/parceiros_anais_III_simposio_lavits.png\" alt=\"parceiros_anais_III_simposio_lavits\" width=\"657\" height=\"804\" srcset=\"https:\/\/lavits.org\/wp-content\/uploads\/2016\/07\/parceiros_anais_III_simposio_lavits.png 657w, https:\/\/lavits.org\/wp-content\/uploads\/2016\/07\/parceiros_anais_III_simposio_lavits-327x400.png 327w, https:\/\/lavits.org\/wp-content\/uploads\/2016\/07\/parceiros_anais_III_simposio_lavits-150x184.png 150w, https:\/\/lavits.org\/wp-content\/uploads\/2016\/07\/parceiros_anais_III_simposio_lavits-80x98.png 80w\" sizes=\"auto, (max-width: 657px) 100vw, 657px\" \/><\/p>\n<\/div>\n","protected":false},"excerpt":{"rendered":"<p>13-15 Mayo 2015. R\u00edo de Janeiro, Brasil ASSISTA AOS V\u00cdDEOS DA CONFER\u00caNCIA [AQUI] CONFIRA OS ANAIS COMPLETOS [AQUI] CONFIRA A PROGRAMA\u00c7\u00c3O COMPLETA [AQUI]\u00a0 &nbsp; Invitamos a los investigadores, profesores, activistas [&hellip;]<\/p>\n","protected":false},"author":3,"featured_media":0,"parent":0,"menu_order":0,"comment_status":"closed","ping_status":"closed","template":"","meta":{"inline_featured_image":false,"_EventAllDay":false,"_EventTimezone":"","_EventStartDate":"","_EventEndDate":"","_EventStartDateUTC":"","_EventEndDateUTC":"","_EventShowMap":false,"_EventShowMapLink":false,"_EventURL":"","_EventCost":"","_EventCostDescription":"","_EventCurrencySymbol":"","_EventCurrencyCode":"","_EventCurrencyPosition":"","_EventDateTimeSeparator":"","_EventTimeRangeSeparator":"","_EventOrganizerID":[],"_EventVenueID":[],"_OrganizerEmail":"","_OrganizerPhone":"","_OrganizerWebsite":"","_VenueAddress":"","_VenueCity":"","_VenueCountry":"","_VenueProvince":"","_VenueState":"","_VenueZip":"","_VenuePhone":"","_VenueURL":"","_VenueStateProvince":"","_VenueLat":"","_VenueLng":"","_VenueShowMap":false,"_VenueShowMapLink":false,"footnotes":""},"class_list":["post-4724","page","type-page","status-publish","hentry"],"blocksy_meta":{"styles_descriptor":{"styles":{"desktop":"","tablet":"","mobile":""},"google_fonts":[],"version":6}},"acf":[],"_links":{"self":[{"href":"https:\/\/lavits.org\/es\/wp-json\/wp\/v2\/pages\/4724","targetHints":{"allow":["GET"]}}],"collection":[{"href":"https:\/\/lavits.org\/es\/wp-json\/wp\/v2\/pages"}],"about":[{"href":"https:\/\/lavits.org\/es\/wp-json\/wp\/v2\/types\/page"}],"author":[{"embeddable":true,"href":"https:\/\/lavits.org\/es\/wp-json\/wp\/v2\/users\/3"}],"replies":[{"embeddable":true,"href":"https:\/\/lavits.org\/es\/wp-json\/wp\/v2\/comments?post=4724"}],"version-history":[{"count":1,"href":"https:\/\/lavits.org\/es\/wp-json\/wp\/v2\/pages\/4724\/revisions"}],"predecessor-version":[{"id":4726,"href":"https:\/\/lavits.org\/es\/wp-json\/wp\/v2\/pages\/4724\/revisions\/4726"}],"wp:attachment":[{"href":"https:\/\/lavits.org\/es\/wp-json\/wp\/v2\/media?parent=4724"}],"curies":[{"name":"wp","href":"https:\/\/api.w.org\/{rel}","templated":true}]}}