{"id":4731,"date":"2016-07-13T16:29:28","date_gmt":"2016-07-13T19:29:28","guid":{"rendered":"http:\/\/lavits-2022.bemvindo\/simposio-lavits-2016\/"},"modified":"2022-02-18T09:33:10","modified_gmt":"2022-02-18T12:33:10","slug":"simposio-lavits-2016","status":"publish","type":"page","link":"https:\/\/lavits.org\/es\/simposio-lavits-2016\/","title":{"rendered":"SIMPOSIO LAVITS 2016"},"content":{"rendered":"<p><img loading=\"lazy\" decoding=\"async\" class=\"aligncenter wp-image-1836 size-large\" src=\"https:\/\/lavits.org\/wp-content\/uploads\/2016\/07\/lavits_iv_simposio_grande-1024x431.jpg\" alt=\"lavits_iv_simposio_grande\" width=\"1024\" height=\"431\" srcset=\"https:\/\/lavits.org\/wp-content\/uploads\/2016\/07\/lavits_iv_simposio_grande-1024x431.jpg 1024w, https:\/\/lavits.org\/wp-content\/uploads\/2016\/07\/lavits_iv_simposio_grande-400x168.jpg 400w, https:\/\/lavits.org\/wp-content\/uploads\/2016\/07\/lavits_iv_simposio_grande-768x323.jpg 768w, https:\/\/lavits.org\/wp-content\/uploads\/2016\/07\/lavits_iv_simposio_grande-820x345.jpg 820w, https:\/\/lavits.org\/wp-content\/uploads\/2016\/07\/lavits_iv_simposio_grande-150x63.jpg 150w, https:\/\/lavits.org\/wp-content\/uploads\/2016\/07\/lavits_iv_simposio_grande-80x34.jpg 80w, https:\/\/lavits.org\/wp-content\/uploads\/2016\/07\/lavits_iv_simposio_grande.jpg 1588w\" sizes=\"auto, (max-width: 1024px) 100vw, 1024px\" \/><\/p>\n<p>&nbsp;<\/p>\n<p lang=\"pt-BR\" align=\"center\"><big><strong>\u00bfNuevos paradigmas de vigilancia?\u00a0<\/strong><\/big><big><strong>Miradas desde Am\u00e9rica Latina<\/strong><\/big><\/p>\n<div class=\"entry-content\">\n<p style=\"text-align: center;\"><big>21-23 de\u00a0noviembre de 2016,\u00a0<\/big><big>Ciudad de Buenos Aires, Argentina<\/big><\/p>\n<ul>\n<li><strong>Hemos recibido m\u00e1s de 120 propuestas, que ya han sido evaluadas el comit\u00e9 acad\u00e9mico. Pronto informaremos a cada autor su aceptaci\u00f3n o no.\u00a0<\/strong><\/li>\n<li><strong>Si su propuesta fue elegida, lea <a href=\"http:\/\/lavits2016.vialibre.org.ar\/normas-para-los-trabajos\/\">normas para los trabajos<\/a> para que pueda figurar en el libro de res\u00famenes y en los anales del simposio.\u00a0<\/strong><strong>\u00a1Muchas gracias a todos los que las enviaron!<\/strong><\/li>\n<li><strong>Nuestras direcciones: info at vialibre.org.ar o lavitsargentina at gmail.com<\/strong><\/li>\n<\/ul>\n<p>La <strong>Red Latinoamericana de Vigilancia, Tecnolog\u00eda y Sociedad (LAVITS)<\/strong> realizar\u00e1 su<strong> IV Simposio Internacional<\/strong>en la ciudad de Buenos Aires, Argentina, del 21 al 23 de noviembre de 2016, en el Centro Cultural General San Mart\u00edn (Sarmiento 1551).\u00a0El Simposio buscar\u00e1 debatir alrededor de la existencia de nuevos paradigmas de <strong>vigilancia favorecida por la tecnolog\u00eda<\/strong>, aportando una mirada propia desde Am\u00e9rica Latina.<\/p>\n<p><strong>Sitio web oficial:\u00a0<a href=\"http:\/\/lavits2016.vialibre.org.ar\/\" target=\"_blank\" rel=\"noopener\">lavits2016.vialibre.org.ar<\/a><\/strong><\/p>\n<p>Despu\u00e9s de las ediciones realizadas en <a href=\"http:\/\/lavitsrio2015.medialabufrj.net\/sobre-o-simposio\/\" target=\"_blank\" rel=\"noopener\">Brasil<span class=\"screen-reader-text\">Abrir en una ventana nueva<\/span><\/a> y <a href=\"http:\/\/lavits.quijaua.com.br\/?p=210&amp;lang=es\" target=\"_blank\" rel=\"noopener\">M\u00e9xico<span class=\"screen-reader-text\">Abrir en una ventana nueva<\/span><\/a>, este a\u00f1o ser\u00e1 la primera vez que el Simposio se realizar\u00e1 en Argentina, con la organizaci\u00f3n de la <strong><a href=\"http:\/\/vialibre.org.ar\/\" target=\"_blank\" rel=\"noopener\">Fundaci\u00f3n V\u00eda Libre<span class=\"screen-reader-text\">Abrir en una ventana nueva<\/span><\/a><\/strong> y el <strong>\u00c1rea de Tecnolog\u00eda, Cultura y Pol\u00edtica de la Facultad de Ciencias Sociales, Universidad de Buenos Aires<\/strong>. Se\u00a0buscar\u00e1 debatir alrededor de la existencia de nuevos paradigmas de vigilancia, aportando una mirada propia desde Am\u00e9rica Latina.<\/p>\n<p>El imaginario popular sobre la vigilancia incluye la existencia de esp\u00edas y enormes redes de inteligencia dedicadas al seguimiento de ciudadanos \u201csospechosos\u201d. Mientras que este paradigma de vigilancia pudo haber tenido vigencia en otras d\u00e9cadas, lo cierto es que con el advenimiento de las tecnolog\u00edas digitales, los costos de la vigilancia, tanto estatal como corporativa, han bajado dram\u00e1ticamente. Esto permite que se acumulen datos sobre los ciudadanos de manera precautoria a\u00fan cuando no haya razones fundamentadas para la existencia de estas bases de datos.<\/p>\n<p>El cambio en la narrativa de la seguridad a partir del atentado contra las Torres Gemelas permiti\u00f3 que se incorporara una nueva doctrina de vigilancia de \u201cinformaci\u00f3n total\u201d. Esta nueva doctrina es diametralmente opuesta a cualquier principio de derechos humanos, pero el secretismo en la gesti\u00f3n de la informaci\u00f3n y la aceitada cooperaci\u00f3n entre el sector p\u00fablico y el privado en la recolecci\u00f3n y procesamiento de datos convierten a este tipo de vigilancia en una pr\u00e1ctica fuera del control p\u00fablico.<\/p>\n<p>La <strong>incorporaci\u00f3n de tecnolog\u00eda<\/strong> en numerosos \u00e1mbitos de la vida cotidiana -desde las calles con c\u00e1maras de vigilancia hasta los espacios m\u00e1s \u00edntimos poblados con dispositivos inteligentes que informan datos sobre los usuarios a terceras partes- ha vuelto a la vigilancia m\u00e1s ubicua e invisible. Los marcos regulatorios que deber\u00edan proteger a los ciudadanos han quedado obsoletos frente a esta realidad, y la falta de rendici\u00f3n de cuentas en el sector p\u00fablico y privado complejiza el escenario a la hora de tomar acciones.<\/p>\n<p>El desaf\u00edo es, como nunca antes, global. Los datos que se producen sobre un usuario en Am\u00e9rica Latina se transfieren a un centro de procesamiento en Estados Unidos para que sea analizado en Europa. Las nuevas doctrinas de seguridad incluyen conceptos difusos como la \u201cciberguerra\u201d para implementar mecanismos cada vez m\u00e1s complejos de recolecci\u00f3n de datos digitales. Los ciudadanos se ven impotentes en su capacidad de reclamo, o directamente desconocen que est\u00e1n siendo observados.<\/p>\n<p>El fen\u00f3meno no se da de manera homog\u00e9nea e igual en todas partes; hay singularidades esenciales en el \u00e1mbito de Am\u00e9rica Latina que necesitan ser investigadas, resaltadas y puestas en discusi\u00f3n. Este es el prop\u00f3sito esencial del IV Simposio de LAVITS.<\/p>\n<p><strong>Mire <a href=\"http:\/\/lavits2016.vialibre.org.ar\/el-simposio\/\" target=\"_blank\" rel=\"noopener\">aqu\u00ed<span class=\"screen-reader-text\">Abrir en una ventana nueva<\/span><\/a> los ejes tem\u00e1ticos propuestos para este encuentro.<\/strong><\/p>\n<p><strong>NOTA: <\/strong>Los visitantes extranjeros son muy bienvenidos pero, como no se cobra por participar, cada asistente deber\u00e1 ocuparse de sus gastos de estad\u00eda y alimentos.<\/p>\n<\/div>\n<h5>Los organizadores pertenecen a:<\/h5>\n<p><strong><img loading=\"lazy\" decoding=\"async\" class=\" wp-image-94 alignleft\" src=\"http:\/\/lavits2016.vialibre.org.ar\/wp-content\/uploads\/2016\/05\/logo-negativo-3-es-2.png\" alt=\"logo-negativo-3-es (2)\" width=\"103\" height=\"103\" \/><a href=\"https:\/\/lavits.org\/?lang=es\">LAVITS &#8211; Red Latinoamericana de Vigilancia, Tecnolog\u00eda y Sociedad<\/a><\/strong><\/p>\n<p>La red de estudios LAVITS tiene como objetivo ser un medio de intercambio de conocimiento entre los investigadores, activistas y artistas latinoamericanos interesados en la relaci\u00f3n entre la vigilancia, la tecnolog\u00eda y la sociedad. La red LAVITS reune diferentes instituciones y grupos de investigaci\u00f3n en Am\u00e9rica Latina y actualmente cuenta con el apoyo de la Fundaci\u00f3n Ford. Sus principales metas son: crear estrategias para el desarrollo de la investigaci\u00f3n sobre tecnolog\u00edas de vigilancia en pa\u00edses latinoamericanos; fomentar la creaci\u00f3n de actividades conjuntas y multidisciplinarias; promover la integraci\u00f3n de temas y metodolog\u00edas entre los investigadores de la red; intensificar el di\u00e1logo con los movimientos sociales y art\u00edsticos movilizados por la utilizaci\u00f3n de tecnolog\u00edas de vigilancia; difundir los resultados de la investigaci\u00f3n llevada a cabo por investigadores de la red, as\u00ed como estimular el debate p\u00fablico en torno al tema de tecnolog\u00edas de vigilancia en Am\u00e9rica Latina.<\/p>\n<p><a href=\"http:\/\/vialibre.org.ar\/\"><strong>Fundaci\u00f3n V\u00eda Libre<\/strong><\/a><\/p>\n<p><img loading=\"lazy\" decoding=\"async\" class=\"size-full wp-image-48 alignleft\" src=\"http:\/\/lavits2016.vialibre.org.ar\/wp-content\/uploads\/2016\/07\/logo_fundacion13.jpg\" alt=\"logo_fundacion13\" width=\"100\" height=\"111\" \/>Fundada en el a\u00f1o 2000, V\u00eda Libre es una organizaci\u00f3n sin fines de lucro de Argentina, dedicada a la defensa de los derechos civiles en entornos mediados por tecnolog\u00edas. Entre sus \u00e1reas de trabajo se encuentran temas de privacidad, vigilancia, software libre, propiedad intelectual, libertad de expresi\u00f3n en Internet y voto electr\u00f3nico.<\/p>\n<p><a href=\"http:\/\/comunicacion.sociales.uba.ar\/?page_id=3050\"><strong>\u00c1rea de Tecnolog\u00eda, Cultura y Pol\u00edtica de la Facultad de Ciencias Sociales, Universidad de Buenos Aires<\/strong><\/a><\/p>\n<p>El \u00c1rea de Tecnolog\u00eda, Cultura y Pol\u00edtica fue creada en 2014 por un grupo de docentes, estudiantes e investigadores enel seno de la Carrera de Ciencias de la Comunicaci\u00f3n de la Facultad de Ciencias Sociales, Universidad de Buenos Aires. A partir de una hip\u00f3tesis de mutuo condicionamiento entre fen\u00f3menos t\u00e9cnicos y fen\u00f3menos sociales, se propone desarrollar y apoyar investigaciones, as\u00ed como participar en debates, en los que se aborde el an\u00e1lisis de fen\u00f3menos comunicacionales, culturales, est\u00e9ticos y pol\u00edticos donde la dimensi\u00f3n tecnol\u00f3gica aparezca como constitutiva: desde el estudio de lasimbricaciones entre tecnolog\u00edas del poder y biotecnolog\u00edas hasta el an\u00e1lisis cultural de nuevos g\u00e9neros art\u00edsticos como el bioarte, pasando por las nuevas estrategias de control y vigilancia a cielo abierto, las actuales din\u00e1micas de apropiaci\u00f3n del conocimiento y los usos pol\u00edticos, econ\u00f3micos y sociales de las redes sociales, entre otros temas.<\/p>\n","protected":false},"excerpt":{"rendered":"<p>&nbsp; \u00bfNuevos paradigmas de vigilancia?\u00a0Miradas desde Am\u00e9rica Latina 21-23 de\u00a0noviembre de 2016,\u00a0Ciudad de Buenos Aires, Argentina Hemos recibido m\u00e1s de 120 propuestas, que ya han sido evaluadas el comit\u00e9 acad\u00e9mico. [&hellip;]<\/p>\n","protected":false},"author":3,"featured_media":0,"parent":0,"menu_order":0,"comment_status":"closed","ping_status":"closed","template":"","meta":{"inline_featured_image":false,"_EventAllDay":false,"_EventTimezone":"","_EventStartDate":"","_EventEndDate":"","_EventStartDateUTC":"","_EventEndDateUTC":"","_EventShowMap":false,"_EventShowMapLink":false,"_EventURL":"","_EventCost":"","_EventCostDescription":"","_EventCurrencySymbol":"","_EventCurrencyCode":"","_EventCurrencyPosition":"","_EventDateTimeSeparator":"","_EventTimeRangeSeparator":"","_EventOrganizerID":[],"_EventVenueID":[],"_OrganizerEmail":"","_OrganizerPhone":"","_OrganizerWebsite":"","_VenueAddress":"","_VenueCity":"","_VenueCountry":"","_VenueProvince":"","_VenueState":"","_VenueZip":"","_VenuePhone":"","_VenueURL":"","_VenueStateProvince":"","_VenueLat":"","_VenueLng":"","_VenueShowMap":false,"_VenueShowMapLink":false,"footnotes":""},"class_list":["post-4731","page","type-page","status-publish","hentry"],"blocksy_meta":{"styles_descriptor":{"styles":{"desktop":"","tablet":"","mobile":""},"google_fonts":[],"version":6}},"acf":[],"_links":{"self":[{"href":"https:\/\/lavits.org\/es\/wp-json\/wp\/v2\/pages\/4731","targetHints":{"allow":["GET"]}}],"collection":[{"href":"https:\/\/lavits.org\/es\/wp-json\/wp\/v2\/pages"}],"about":[{"href":"https:\/\/lavits.org\/es\/wp-json\/wp\/v2\/types\/page"}],"author":[{"embeddable":true,"href":"https:\/\/lavits.org\/es\/wp-json\/wp\/v2\/users\/3"}],"replies":[{"embeddable":true,"href":"https:\/\/lavits.org\/es\/wp-json\/wp\/v2\/comments?post=4731"}],"version-history":[{"count":2,"href":"https:\/\/lavits.org\/es\/wp-json\/wp\/v2\/pages\/4731\/revisions"}],"predecessor-version":[{"id":4736,"href":"https:\/\/lavits.org\/es\/wp-json\/wp\/v2\/pages\/4731\/revisions\/4736"}],"wp:attachment":[{"href":"https:\/\/lavits.org\/es\/wp-json\/wp\/v2\/media?parent=4731"}],"curies":[{"name":"wp","href":"https:\/\/api.w.org\/{rel}","templated":true}]}}